{"id":105,"date":"2021-05-01T23:59:56","date_gmt":"2021-05-01T21:59:56","guid":{"rendered":"https:\/\/chantico-terrassenofen.de\/?page_id=105"},"modified":"2022-02-02T01:34:35","modified_gmt":"2022-02-02T00:34:35","slug":"workshop-terra-preta","status":"publish","type":"page","link":"https:\/\/chantico-terrassenofen.de\/en\/workshop-terra-preta\/","title":{"rendered":"Workshops"},"content":{"rendered":"<div data-elementor-type=\"wp-page\" data-elementor-id=\"105\" class=\"elementor elementor-105\" data-elementor-post-type=\"page\">\n\t\t\t\t\t\t<section class=\"elementor-section elementor-top-section elementor-element elementor-element-430472d elementor-section-boxed elementor-section-height-default elementor-section-height-default\" data-id=\"430472d\" data-element_type=\"section\" data-e-type=\"section\">\n\t\t\t\t\t\t<div class=\"elementor-container elementor-column-gap-default\">\n\t\t\t\t\t<div class=\"elementor-column elementor-col-100 elementor-top-column elementor-element elementor-element-7d75f8e\" data-id=\"7d75f8e\" data-element_type=\"column\" data-e-type=\"column\">\n\t\t\t<div class=\"elementor-widget-wrap elementor-element-populated\">\n\t\t\t\t\t\t<div class=\"elementor-element elementor-element-0c871f2 elementor-widget elementor-widget-global elementor-global-1061 elementor-widget-image\" data-id=\"0c871f2\" data-element_type=\"widget\" data-e-type=\"widget\" data-widget_type=\"image.default\">\n\t\t\t\t<div class=\"elementor-widget-container\">\n\t\t\t\t\t\t\t\t\t\t\t\t\t\t\t\t<a href=\"http:\/\/chantico-terrassenofen.de\/en\/\">\n\t\t\t\t\t\t\t<img fetchpriority=\"high\" decoding=\"async\" width=\"702\" height=\"302\" src=\"https:\/\/chantico-terrassenofen.de\/wp-content\/uploads\/2022\/02\/pyrolysekocher.png\" class=\"attachment-large size-large wp-image-1050\" alt=\"\" srcset=\"https:\/\/chantico-terrassenofen.de\/wp-content\/uploads\/2022\/02\/pyrolysekocher.png 702w, https:\/\/chantico-terrassenofen.de\/wp-content\/uploads\/2022\/02\/pyrolysekocher-300x129.png 300w, https:\/\/chantico-terrassenofen.de\/wp-content\/uploads\/2022\/02\/pyrolysekocher-18x8.png 18w, https:\/\/chantico-terrassenofen.de\/wp-content\/uploads\/2022\/02\/pyrolysekocher-600x258.png 600w\" sizes=\"(max-width: 702px) 100vw, 702px\" \/>\t\t\t\t\t\t\t\t<\/a>\n\t\t\t\t\t\t\t\t\t\t\t\t\t\t\t<\/div>\n\t\t\t\t<\/div>\n\t\t\t\t\t<\/div>\n\t\t<\/div>\n\t\t\t\t\t<\/div>\n\t\t<\/section>\n\t\t\t\t<section class=\"elementor-section elementor-top-section elementor-element elementor-element-a2de228 elementor-section-boxed elementor-section-height-default elementor-section-height-default\" data-id=\"a2de228\" data-element_type=\"section\" data-e-type=\"section\">\n\t\t\t\t\t\t<div class=\"elementor-container elementor-column-gap-default\">\n\t\t\t\t\t<div class=\"elementor-column elementor-col-100 elementor-top-column elementor-element elementor-element-c9e7a51\" data-id=\"c9e7a51\" data-element_type=\"column\" data-e-type=\"column\">\n\t\t\t<div class=\"elementor-widget-wrap elementor-element-populated\">\n\t\t\t\t\t\t<div class=\"elementor-element elementor-element-f9cbc86 elementor-widget elementor-widget-heading\" data-id=\"f9cbc86\" data-element_type=\"widget\" data-e-type=\"widget\" data-widget_type=\"heading.default\">\n\t\t\t\t<div class=\"elementor-widget-container\">\n\t\t\t\t\t<h2 class=\"elementor-heading-title elementor-size-default\">Terra Preta verstehen in Workshops<\/h2>\t\t\t\t<\/div>\n\t\t\t\t<\/div>\n\t\t\t\t<div class=\"elementor-element elementor-element-4688305 elementor-invisible elementor-widget elementor-widget-image\" data-id=\"4688305\" data-element_type=\"widget\" data-e-type=\"widget\" data-settings=\"{&quot;_animation&quot;:&quot;fadeIn&quot;}\" data-widget_type=\"image.default\">\n\t\t\t\t<div class=\"elementor-widget-container\">\n\t\t\t\t\t\t\t\t\t\t\t\t\t\t\t<img decoding=\"async\" width=\"696\" height=\"340\" src=\"https:\/\/chantico-terrassenofen.de\/wp-content\/uploads\/2021\/05\/workshops-terra-preta.jpg\" class=\"attachment-large size-large wp-image-473\" alt=\"\" srcset=\"https:\/\/chantico-terrassenofen.de\/wp-content\/uploads\/2021\/05\/workshops-terra-preta.jpg 696w, https:\/\/chantico-terrassenofen.de\/wp-content\/uploads\/2021\/05\/workshops-terra-preta-600x293.jpg 600w, https:\/\/chantico-terrassenofen.de\/wp-content\/uploads\/2021\/05\/workshops-terra-preta-300x147.jpg 300w, https:\/\/chantico-terrassenofen.de\/wp-content\/uploads\/2021\/05\/workshops-terra-preta-16x8.jpg 16w\" sizes=\"(max-width: 696px) 100vw, 696px\" \/>\t\t\t\t\t\t\t\t\t\t\t\t\t\t\t<\/div>\n\t\t\t\t<\/div>\n\t\t\t\t<div class=\"elementor-element elementor-element-5344a4e elementor-widget elementor-widget-text-editor\" data-id=\"5344a4e\" data-element_type=\"widget\" data-e-type=\"widget\" data-widget_type=\"text-editor.default\">\n\t\t\t\t<div class=\"elementor-widget-container\">\n\t\t\t\t\t\t\t\t\t<p>Liebe Kunden,<br \/>Liebe Interessierte,<br \/><br \/>aufgrund der aktuellen Pandemie sind alle Workshops bis auf weiteres abgesagt.<br \/><br \/>Der Verkauf des <span style=\"text-decoration: underline;\"><a href=\"https:\/\/chantico-terrassenofen.de\/en\/shop\/chantico-pyrolysekocher\/\">Chantico-Terrassenofen<\/a><\/span> per Paketversand l\u00e4uft jedoch wie gewohnt weiter.<br \/>Unsere Lagerbest\u00e4nde sind zur Zeit knapp, der Nachschub befindet sich bereits in Produktion. Der <a href=\"https:\/\/chantico-terrassenofen.de\/en\/kontakt\/\"><span style=\"text-decoration: underline;\">Kundenservice<\/span><\/a> ist nach wie vor sichergestellt. Wir sind weiterhin per Mail und Telefon erreichbar.<\/p><p>Bleiben Sie gesund!<br \/>Herzliche Gr\u00fc\u00dfe<br \/><br \/>Rainer &amp; J\u00f6rgen Sagawe<br \/><br \/><\/p>\t\t\t\t\t\t\t\t<\/div>\n\t\t\t\t<\/div>\n\t\t\t\t<div class=\"elementor-element elementor-element-704eb95c elementor-headline--style-highlight elementor-widget elementor-widget-animated-headline\" data-id=\"704eb95c\" data-element_type=\"widget\" data-e-type=\"widget\" data-settings=\"{&quot;marker&quot;:&quot;underline&quot;,&quot;highlighted_text&quot;:&quot;Letzte Beitr\\u00e4ge&quot;,&quot;highlight_animation_duration&quot;:995,&quot;headline_style&quot;:&quot;highlight&quot;}\" data-widget_type=\"animated-headline.default\">\n\t\t\t\t<div class=\"elementor-widget-container\">\n\t\t\t\t\t\t\t<h3 class=\"elementor-headline\">\n\t\t\t\t<span class=\"elementor-headline-dynamic-wrapper elementor-headline-text-wrapper\">\n\t\t\t\t\t<span class=\"elementor-headline-dynamic-text elementor-headline-text-active\">Last articles (only in german)<\/span>\n\t\t\t\t<\/span>\n\t\t\t\t<\/h3>\n\t\t\t\t\t\t<\/div>\n\t\t\t\t<\/div>\n\t\t\t\t<div class=\"elementor-element elementor-element-2b6214e8 elementor-widget-divider--view-line_icon elementor-view-default elementor-widget-divider--element-align-center elementor-widget elementor-widget-divider\" data-id=\"2b6214e8\" data-element_type=\"widget\" data-e-type=\"widget\" data-widget_type=\"divider.default\">\n\t\t\t\t<div class=\"elementor-widget-container\">\n\t\t\t\t\t\t\t<div class=\"elementor-divider\">\n\t\t\t<span class=\"elementor-divider-separator\">\n\t\t\t\t\t\t\t<div class=\"elementor-icon elementor-divider__element\">\n\t\t\t\t\t<i aria-hidden=\"true\" class=\"fas fa-leaf\"><\/i><\/div>\n\t\t\t\t\t\t<\/span>\n\t\t<\/div>\n\t\t\t\t\t\t<\/div>\n\t\t\t\t<\/div>\n\t\t\t\t<div class=\"elementor-element elementor-element-d1a4a50 elementor-grid-2 elementor-grid-tablet-2 elementor-grid-mobile-1 elementor-posts--thumbnail-top elementor-card-shadow-yes elementor-posts__hover-gradient elementor-widget elementor-widget-posts\" data-id=\"d1a4a50\" data-element_type=\"widget\" data-e-type=\"widget\" data-settings=\"{&quot;cards_columns&quot;:&quot;2&quot;,&quot;cards_columns_tablet&quot;:&quot;2&quot;,&quot;cards_columns_mobile&quot;:&quot;1&quot;,&quot;cards_row_gap&quot;:{&quot;unit&quot;:&quot;px&quot;,&quot;size&quot;:35,&quot;sizes&quot;:[]},&quot;cards_row_gap_tablet&quot;:{&quot;unit&quot;:&quot;px&quot;,&quot;size&quot;:&quot;&quot;,&quot;sizes&quot;:[]},&quot;cards_row_gap_mobile&quot;:{&quot;unit&quot;:&quot;px&quot;,&quot;size&quot;:&quot;&quot;,&quot;sizes&quot;:[]}}\" data-widget_type=\"posts.cards\">\n\t\t\t\t<div class=\"elementor-widget-container\">\n\t\t\t\t\t\t\t<div class=\"elementor-posts-container elementor-posts elementor-posts--skin-cards elementor-grid\">\n\t\t\t\t<article class=\"elementor-post elementor-grid-item post-1279 post type-post status-publish format-standard hentry category-allgemeines\">\n\t\t\t<div class=\"elementor-post__card\">\n\t\t\t\t<div class=\"elementor-post__text\">\n\t\t\t\t<h5 class=\"elementor-post__title\">\n\t\t\t<a href=\"https:\/\/chantico-terrassenofen.de\/en\/mit-pflanzenkohle-30-t-co2-je-ha-und-jahr-reduzieren\/\" >\n\t\t\t\tMit Pflanzenkohle 30 t CO2                           je ha und Jahr reduzieren\t\t\t<\/a>\n\t\t<\/h5>\n\t\t\t\t<div class=\"elementor-post__excerpt\">\n\t\t\t<p>Prof. Claudia Kammann und Hans-Peter Schmidt, Ithaka-Institut, Schweiz,stellten Hof Wies in der Schweiz auf D\u00fcngung mit Pflanzenkohle und Terra Preta um. Das Verfahren erwies sich als wirtschaftlich. Bauer Wies hat nun lebendige und fruchtbare B\u00f6den dank Terra Preta Schwarzerde. Und die bleibt ihm dauerhaft erhalten,<\/p>\n\t\t<\/div>\n\t\t\n\t\t<a class=\"elementor-post__read-more\" href=\"https:\/\/chantico-terrassenofen.de\/en\/mit-pflanzenkohle-30-t-co2-je-ha-und-jahr-reduzieren\/\" aria-label=\"Read more about Mit Pflanzenkohle 30 t CO2                           je ha und Jahr reduzieren\" tabindex=\"-1\" >\n\t\t\tWeiterlesen \u00bb\t\t<\/a>\n\n\t\t\t\t<\/div>\n\t\t\t\t<div class=\"elementor-post__meta-data\">\n\t\t\t\t\t<span class=\"elementor-post-date\">\n\t\t\t5. October 2025\t\t<\/span>\n\t\t\t\t<\/div>\n\t\t\t\t\t<\/div>\n\t\t<\/article>\n\t\t\t\t<article class=\"elementor-post elementor-grid-item post-1211 post type-post status-publish format-standard hentry category-allgemeines\">\n\t\t\t<div class=\"elementor-post__card\">\n\t\t\t\t<div class=\"elementor-post__text\">\n\t\t\t\t<h5 class=\"elementor-post__title\">\n\t\t\t<a href=\"https:\/\/chantico-terrassenofen.de\/en\/senkrechte-hoelzchen\/\" >\n\t\t\t\tSenkrechte H\u00f6lzchen\t\t\t<\/a>\n\t\t<\/h5>\n\t\t\t\t<div class=\"elementor-post__excerpt\">\n\t\t\t<p>Kaminholz von 25 bis 40 cm L\u00e4nge zu Kleinholz spalten, Kantenl\u00e4nge ca. 2 bis 3 cm. Dann dicht an dicht senkrecht in den Ofen stellen, zum Schluss die d\u00fcnnen St\u00fccke in die L\u00fccken schieben. Vier bis f\u00fcnf Grillanz\u00fcnder oben drauf legen und nach ca. 10<\/p>\n\t\t<\/div>\n\t\t\n\t\t<a class=\"elementor-post__read-more\" href=\"https:\/\/chantico-terrassenofen.de\/en\/senkrechte-hoelzchen\/\" aria-label=\"Read more about Senkrechte H\u00f6lzchen\" tabindex=\"-1\" >\n\t\t\tWeiterlesen \u00bb\t\t<\/a>\n\n\t\t\t\t<\/div>\n\t\t\t\t<div class=\"elementor-post__meta-data\">\n\t\t\t\t\t<span class=\"elementor-post-date\">\n\t\t\t30. July 2023\t\t<\/span>\n\t\t\t\t<\/div>\n\t\t\t\t\t<\/div>\n\t\t<\/article>\n\t\t\t\t<article class=\"elementor-post elementor-grid-item post-956 post type-post status-publish format-standard hentry category-allgemeines category-video\">\n\t\t\t<div class=\"elementor-post__card\">\n\t\t\t\t<div class=\"elementor-post__text\">\n\t\t\t\t<h5 class=\"elementor-post__title\">\n\t\t\t<a href=\"https:\/\/chantico-terrassenofen.de\/en\/elementor-956\/\" >\n\t\t\t\tChantico Terrassenofen vorgestellt\t\t\t<\/a>\n\t\t<\/h5>\n\t\t\t\t<div class=\"elementor-post__excerpt\">\n\t\t\t<p>Mit dem Laden des Videos akzeptieren Sie die Datenschutzerkl\u00e4rung von YouTube.Mehr erfahren Video laden YouTube immer entsperren<\/p>\n\t\t<\/div>\n\t\t\n\t\t<a class=\"elementor-post__read-more\" href=\"https:\/\/chantico-terrassenofen.de\/en\/elementor-956\/\" aria-label=\"Read more about Chantico Terrassenofen vorgestellt\" tabindex=\"-1\" >\n\t\t\tWeiterlesen \u00bb\t\t<\/a>\n\n\t\t\t\t<\/div>\n\t\t\t\t<div class=\"elementor-post__meta-data\">\n\t\t\t\t\t<span class=\"elementor-post-date\">\n\t\t\t6. December 2021\t\t<\/span>\n\t\t\t\t<\/div>\n\t\t\t\t\t<\/div>\n\t\t<\/article>\n\t\t\t\t<article class=\"elementor-post elementor-grid-item post-890 post type-post status-publish format-standard hentry category-pflanzenkohle tag-co2-senke tag-pflanzenkohle\">\n\t\t\t<div class=\"elementor-post__card\">\n\t\t\t\t<div class=\"elementor-post__text\">\n\t\t\t\t<h5 class=\"elementor-post__title\">\n\t\t\t<a href=\"https:\/\/chantico-terrassenofen.de\/en\/pflanzenkohle-hilft-klima-und-boden\/\" >\n\t\t\t\tPflanzenkohle hilft Klima und Boden\t\t\t<\/a>\n\t\t<\/h5>\n\t\t\t\t<div class=\"elementor-post__excerpt\">\n\t\t\t<p>Die Bundesanstalt f\u00fcr Landwirtschaft und Ern\u00e4hrung hat eine Zusammenfassung zum Thema &#8220;Pflanzenkohle in der Landwirtschaft&#8221; erstellt. Die Verbesserung der Biodiversit\u00e4t des Bodens, Ertragssteigerungen und zugleich die Schaffung einer CO2-Senke durch stabilen Humusaufbau mit Pflanzenkohle werden hier ausf\u00fchrlich dargestellt. Mehr Informationen finden Sie auf der Webseite<\/p>\n\t\t<\/div>\n\t\t\n\t\t<a class=\"elementor-post__read-more\" href=\"https:\/\/chantico-terrassenofen.de\/en\/pflanzenkohle-hilft-klima-und-boden\/\" aria-label=\"Read more about Pflanzenkohle hilft Klima und Boden\" tabindex=\"-1\" >\n\t\t\tWeiterlesen \u00bb\t\t<\/a>\n\n\t\t\t\t<\/div>\n\t\t\t\t<div class=\"elementor-post__meta-data\">\n\t\t\t\t\t<span class=\"elementor-post-date\">\n\t\t\t19. October 2021\t\t<\/span>\n\t\t\t\t<\/div>\n\t\t\t\t\t<\/div>\n\t\t<\/article>\n\t\t\t\t<article class=\"elementor-post elementor-grid-item post-93 post type-post status-publish format-standard hentry category-presse\">\n\t\t\t<div class=\"elementor-post__card\">\n\t\t\t\t<div class=\"elementor-post__text\">\n\t\t\t\t<h5 class=\"elementor-post__title\">\n\t\t\t<a href=\"https:\/\/chantico-terrassenofen.de\/en\/pressebericht-kochen-mit-zwei-toepfen-moeglich-terra-preta\/\" >\n\t\t\t\tPress: Cooking with two pots is possible\t\t\t<\/a>\n\t\t<\/h5>\n\t\t\t\t<div class=\"elementor-post__excerpt\">\n\t\t\t<p>Presseartikel der Deister- und Weserzeitung vom 29. Dezember 2020 Regionalzeitung berichtet \u00fcber Terra Preta Ofen In der Deister- und Weserzeitung vom 29.12.2020 erschien ein Artikel \u00fcber unseren Chantico Terassenofen. Im Wortlaut lautete er: Mitten im Garten der Sagawes am S\u00fcntelrand in Flegessen bollert ein schlankes<\/p>\n\t\t<\/div>\n\t\t\n\t\t<a class=\"elementor-post__read-more\" href=\"https:\/\/chantico-terrassenofen.de\/en\/pressebericht-kochen-mit-zwei-toepfen-moeglich-terra-preta\/\" aria-label=\"Read more about Pressebericht: Kochen mit zwei T\u00f6pfen m\u00f6glich\" tabindex=\"-1\" >\n\t\t\tWeiterlesen \u00bb\t\t<\/a>\n\n\t\t\t\t<\/div>\n\t\t\t\t<div class=\"elementor-post__meta-data\">\n\t\t\t\t\t<span class=\"elementor-post-date\">\n\t\t\t3. January 2021\t\t<\/span>\n\t\t\t\t<\/div>\n\t\t\t\t\t<\/div>\n\t\t<\/article>\n\t\t\t\t<article class=\"elementor-post elementor-grid-item post-102 post type-post status-publish format-standard hentry category-allgemeines\">\n\t\t\t<div class=\"elementor-post__card\">\n\t\t\t\t<div class=\"elementor-post__text\">\n\t\t\t\t<h5 class=\"elementor-post__title\">\n\t\t\t<a href=\"https:\/\/chantico-terrassenofen.de\/en\/infos-zur-aktuellen-pandemiesituation\/\" >\n\t\t\t\tInfos zur aktuellen Pandemiesituation\t\t\t<\/a>\n\t\t<\/h5>\n\t\t\t\t<div class=\"elementor-post__excerpt\">\n\t\t\t<p>Rainer Sagawe bei der Montage des L\u00fcftungsf\u00e4chers in der Werkstatt. Liebe Kunden,Liebe Interessierte, aufgrund der aktuellen Pandemie sind alle Workshops bis auf weiteres abgesagt. Der Verkauf des Chantico-Terrassenofen per Paketversand l\u00e4uft jedoch wie gewohnt weiter.Unsere Lagerbest\u00e4nde sind zur Zeit knapp, der Nachschub befindet sich bereits<\/p>\n\t\t<\/div>\n\t\t\n\t\t<a class=\"elementor-post__read-more\" href=\"https:\/\/chantico-terrassenofen.de\/en\/infos-zur-aktuellen-pandemiesituation\/\" aria-label=\"Read more about Infos zur aktuellen Pandemiesituation\" tabindex=\"-1\" >\n\t\t\tWeiterlesen \u00bb\t\t<\/a>\n\n\t\t\t\t<\/div>\n\t\t\t\t<div class=\"elementor-post__meta-data\">\n\t\t\t\t\t<span class=\"elementor-post-date\">\n\t\t\t26. March 2020\t\t<\/span>\n\t\t\t\t<\/div>\n\t\t\t\t\t<\/div>\n\t\t<\/article>\n\t\t\t\t<\/div>\n\t\t\n\t\t\t\t\t\t<\/div>\n\t\t\t\t<\/div>\n\t\t\t\t\t<\/div>\n\t\t<\/div>\n\t\t\t\t\t<\/div>\n\t\t<\/section>\n\t\t\t\t<\/div>","protected":false},"excerpt":{"rendered":"<p>Terra Preta verstehen in Workshops Liebe Kunden,Liebe Interessierte, aufgrund der aktuellen Pandemie sind alle Workshops bis auf weiteres abgesagt. Der Verkauf des Chantico-Terrassenofen per Paketversand l\u00e4uft jedoch wie gewohnt weiter.Unsere Lagerbest\u00e4nde sind zur Zeit knapp, der Nachschub befindet sich bereits in Produktion. Der Kundenservice ist&hellip; <a class=\"read-more\" href=\"https:\/\/chantico-terrassenofen.de\/en\/infos-zur-aktuellen-pandemiesituation\/\">Read more<\/a><\/p>","protected":false},"author":2,"featured_media":0,"parent":0,"menu_order":0,"comment_status":"closed","ping_status":"closed","template":"","meta":{"footnotes":""},"class_list":["post-105","page","type-page","status-publish","hentry"],"yoast_head":"<!-- This site is optimized with the Yoast SEO plugin v27.5 - https:\/\/yoast.com\/product\/yoast-seo-wordpress\/ -->\n<title>Workshops - Chantico<\/title>\n<meta name=\"robots\" content=\"index, follow, max-snippet:-1, max-image-preview:large, max-video-preview:-1\" \/>\n<link rel=\"canonical\" href=\"https:\/\/chantico-terrassenofen.de\/en\/workshop-terra-preta\/\" \/>\n<meta property=\"og:locale\" content=\"en_GB\" \/>\n<meta property=\"og:type\" content=\"article\" \/>\n<meta property=\"og:title\" content=\"Workshops - Chantico\" \/>\n<meta property=\"og:description\" content=\"Terra Preta verstehen in Workshops Liebe Kunden,Liebe Interessierte, aufgrund der aktuellen Pandemie sind alle Workshops bis auf weiteres abgesagt. Der Verkauf des Chantico-Terrassenofen per Paketversand l\u00e4uft jedoch wie gewohnt weiter.Unsere Lagerbest\u00e4nde sind zur Zeit knapp, der Nachschub befindet sich bereits in Produktion. Der Kundenservice ist&hellip; Read more\" \/>\n<meta property=\"og:url\" content=\"https:\/\/chantico-terrassenofen.de\/en\/workshop-terra-preta\/\" \/>\n<meta property=\"og:site_name\" content=\"Chantico\" \/>\n<meta property=\"article:modified_time\" content=\"2022-02-02T00:34:35+00:00\" \/>\n<meta property=\"og:image\" content=\"https:\/\/chantico-terrassenofen.de\/wp-content\/uploads\/2022\/02\/pyrolysekocher.png\" \/>\n<meta name=\"twitter:card\" content=\"summary_large_image\" \/>\n<meta name=\"twitter:label1\" content=\"Estimated reading time\" \/>\n\t<meta name=\"twitter:data1\" content=\"3 minutes\" \/>\n<script type=\"application\/ld+json\" class=\"yoast-schema-graph\">{\"@context\":\"https:\\\/\\\/schema.org\",\"@graph\":[{\"@type\":\"WebPage\",\"@id\":\"https:\\\/\\\/chantico-terrassenofen.de\\\/workshop-terra-preta\\\/\",\"url\":\"https:\\\/\\\/chantico-terrassenofen.de\\\/workshop-terra-preta\\\/\",\"name\":\"Workshops - Chantico\",\"isPartOf\":{\"@id\":\"https:\\\/\\\/chantico-terrassenofen.de\\\/#website\"},\"primaryImageOfPage\":{\"@id\":\"https:\\\/\\\/chantico-terrassenofen.de\\\/workshop-terra-preta\\\/#primaryimage\"},\"image\":{\"@id\":\"https:\\\/\\\/chantico-terrassenofen.de\\\/workshop-terra-preta\\\/#primaryimage\"},\"thumbnailUrl\":\"https:\\\/\\\/chantico-terrassenofen.de\\\/wp-content\\\/uploads\\\/2022\\\/02\\\/pyrolysekocher.png\",\"datePublished\":\"2021-05-01T21:59:56+00:00\",\"dateModified\":\"2022-02-02T00:34:35+00:00\",\"breadcrumb\":{\"@id\":\"https:\\\/\\\/chantico-terrassenofen.de\\\/workshop-terra-preta\\\/#breadcrumb\"},\"inLanguage\":\"en-GB\",\"potentialAction\":[{\"@type\":\"ReadAction\",\"target\":[\"https:\\\/\\\/chantico-terrassenofen.de\\\/workshop-terra-preta\\\/\"]}]},{\"@type\":\"ImageObject\",\"inLanguage\":\"en-GB\",\"@id\":\"https:\\\/\\\/chantico-terrassenofen.de\\\/workshop-terra-preta\\\/#primaryimage\",\"url\":\"https:\\\/\\\/chantico-terrassenofen.de\\\/wp-content\\\/uploads\\\/2022\\\/02\\\/pyrolysekocher.png\",\"contentUrl\":\"https:\\\/\\\/chantico-terrassenofen.de\\\/wp-content\\\/uploads\\\/2022\\\/02\\\/pyrolysekocher.png\"},{\"@type\":\"BreadcrumbList\",\"@id\":\"https:\\\/\\\/chantico-terrassenofen.de\\\/workshop-terra-preta\\\/#breadcrumb\",\"itemListElement\":[{\"@type\":\"ListItem\",\"position\":1,\"name\":\"Startseite\",\"item\":\"https:\\\/\\\/chantico-terrassenofen.de\\\/\"},{\"@type\":\"ListItem\",\"position\":2,\"name\":\"Workshops\"}]},{\"@type\":\"WebSite\",\"@id\":\"https:\\\/\\\/chantico-terrassenofen.de\\\/#website\",\"url\":\"https:\\\/\\\/chantico-terrassenofen.de\\\/\",\"name\":\"Chantico\",\"description\":\"Der Pyrolysekocher\",\"publisher\":{\"@id\":\"https:\\\/\\\/chantico-terrassenofen.de\\\/#organization\"},\"potentialAction\":[{\"@type\":\"SearchAction\",\"target\":{\"@type\":\"EntryPoint\",\"urlTemplate\":\"https:\\\/\\\/chantico-terrassenofen.de\\\/?s={search_term_string}\"},\"query-input\":{\"@type\":\"PropertyValueSpecification\",\"valueRequired\":true,\"valueName\":\"search_term_string\"}}],\"inLanguage\":\"en-GB\"},{\"@type\":\"Organization\",\"@id\":\"https:\\\/\\\/chantico-terrassenofen.de\\\/#organization\",\"name\":\"Chantico\",\"url\":\"https:\\\/\\\/chantico-terrassenofen.de\\\/\",\"logo\":{\"@type\":\"ImageObject\",\"inLanguage\":\"en-GB\",\"@id\":\"https:\\\/\\\/chantico-terrassenofen.de\\\/#\\\/schema\\\/logo\\\/image\\\/\",\"url\":\"https:\\\/\\\/chantico-terrassenofen.de\\\/wp-content\\\/uploads\\\/2021\\\/03\\\/chantico-logo-1.png\",\"contentUrl\":\"https:\\\/\\\/chantico-terrassenofen.de\\\/wp-content\\\/uploads\\\/2021\\\/03\\\/chantico-logo-1.png\",\"width\":200,\"height\":200,\"caption\":\"Chantico\"},\"image\":{\"@id\":\"https:\\\/\\\/chantico-terrassenofen.de\\\/#\\\/schema\\\/logo\\\/image\\\/\"}}]}<\/script>\n<!-- \/ Yoast SEO plugin. -->","yoast_head_json":{"title":"Workshops - Chantico","robots":{"index":"index","follow":"follow","max-snippet":"max-snippet:-1","max-image-preview":"max-image-preview:large","max-video-preview":"max-video-preview:-1"},"canonical":"https:\/\/chantico-terrassenofen.de\/en\/workshop-terra-preta\/","og_locale":"en_GB","og_type":"article","og_title":"Workshops - Chantico","og_description":"Terra Preta verstehen in Workshops Liebe Kunden,Liebe Interessierte, aufgrund der aktuellen Pandemie sind alle Workshops bis auf weiteres abgesagt. Der Verkauf des Chantico-Terrassenofen per Paketversand l\u00e4uft jedoch wie gewohnt weiter.Unsere Lagerbest\u00e4nde sind zur Zeit knapp, der Nachschub befindet sich bereits in Produktion. Der Kundenservice ist&hellip; Read more","og_url":"https:\/\/chantico-terrassenofen.de\/en\/workshop-terra-preta\/","og_site_name":"Chantico","article_modified_time":"2022-02-02T00:34:35+00:00","og_image":[{"url":"https:\/\/chantico-terrassenofen.de\/wp-content\/uploads\/2022\/02\/pyrolysekocher.png","type":"","width":"","height":""}],"twitter_card":"summary_large_image","twitter_misc":{"Estimated reading time":"3 minutes"},"schema":{"@context":"https:\/\/schema.org","@graph":[{"@type":"WebPage","@id":"https:\/\/chantico-terrassenofen.de\/workshop-terra-preta\/","url":"https:\/\/chantico-terrassenofen.de\/workshop-terra-preta\/","name":"Workshops - Chantico","isPartOf":{"@id":"https:\/\/chantico-terrassenofen.de\/#website"},"primaryImageOfPage":{"@id":"https:\/\/chantico-terrassenofen.de\/workshop-terra-preta\/#primaryimage"},"image":{"@id":"https:\/\/chantico-terrassenofen.de\/workshop-terra-preta\/#primaryimage"},"thumbnailUrl":"https:\/\/chantico-terrassenofen.de\/wp-content\/uploads\/2022\/02\/pyrolysekocher.png","datePublished":"2021-05-01T21:59:56+00:00","dateModified":"2022-02-02T00:34:35+00:00","breadcrumb":{"@id":"https:\/\/chantico-terrassenofen.de\/workshop-terra-preta\/#breadcrumb"},"inLanguage":"en-GB","potentialAction":[{"@type":"ReadAction","target":["https:\/\/chantico-terrassenofen.de\/workshop-terra-preta\/"]}]},{"@type":"ImageObject","inLanguage":"en-GB","@id":"https:\/\/chantico-terrassenofen.de\/workshop-terra-preta\/#primaryimage","url":"https:\/\/chantico-terrassenofen.de\/wp-content\/uploads\/2022\/02\/pyrolysekocher.png","contentUrl":"https:\/\/chantico-terrassenofen.de\/wp-content\/uploads\/2022\/02\/pyrolysekocher.png"},{"@type":"BreadcrumbList","@id":"https:\/\/chantico-terrassenofen.de\/workshop-terra-preta\/#breadcrumb","itemListElement":[{"@type":"ListItem","position":1,"name":"Startseite","item":"https:\/\/chantico-terrassenofen.de\/"},{"@type":"ListItem","position":2,"name":"Workshops"}]},{"@type":"WebSite","@id":"https:\/\/chantico-terrassenofen.de\/#website","url":"https:\/\/chantico-terrassenofen.de\/","name":"Chantico","description":"Der Pyrolysekocher","publisher":{"@id":"https:\/\/chantico-terrassenofen.de\/#organization"},"potentialAction":[{"@type":"SearchAction","target":{"@type":"EntryPoint","urlTemplate":"https:\/\/chantico-terrassenofen.de\/?s={search_term_string}"},"query-input":{"@type":"PropertyValueSpecification","valueRequired":true,"valueName":"search_term_string"}}],"inLanguage":"en-GB"},{"@type":"Organization","@id":"https:\/\/chantico-terrassenofen.de\/#organization","name":"Chantico","url":"https:\/\/chantico-terrassenofen.de\/","logo":{"@type":"ImageObject","inLanguage":"en-GB","@id":"https:\/\/chantico-terrassenofen.de\/#\/schema\/logo\/image\/","url":"https:\/\/chantico-terrassenofen.de\/wp-content\/uploads\/2021\/03\/chantico-logo-1.png","contentUrl":"https:\/\/chantico-terrassenofen.de\/wp-content\/uploads\/2021\/03\/chantico-logo-1.png","width":200,"height":200,"caption":"Chantico"},"image":{"@id":"https:\/\/chantico-terrassenofen.de\/#\/schema\/logo\/image\/"}}]}},"jetpack_sharing_enabled":true,"_links":{"self":[{"href":"https:\/\/chantico-terrassenofen.de\/en\/wp-json\/wp\/v2\/pages\/105","targetHints":{"allow":["GET"]}}],"collection":[{"href":"https:\/\/chantico-terrassenofen.de\/en\/wp-json\/wp\/v2\/pages"}],"about":[{"href":"https:\/\/chantico-terrassenofen.de\/en\/wp-json\/wp\/v2\/types\/page"}],"author":[{"embeddable":true,"href":"https:\/\/chantico-terrassenofen.de\/en\/wp-json\/wp\/v2\/users\/2"}],"replies":[{"embeddable":true,"href":"https:\/\/chantico-terrassenofen.de\/en\/wp-json\/wp\/v2\/comments?post=105"}],"version-history":[{"count":10,"href":"https:\/\/chantico-terrassenofen.de\/en\/wp-json\/wp\/v2\/pages\/105\/revisions"}],"predecessor-version":[{"id":1072,"href":"https:\/\/chantico-terrassenofen.de\/en\/wp-json\/wp\/v2\/pages\/105\/revisions\/1072"}],"wp:attachment":[{"href":"https:\/\/chantico-terrassenofen.de\/en\/wp-json\/wp\/v2\/media?parent=105"}],"curies":[{"name":"wp","href":"https:\/\/api.w.org\/{rel}","templated":true}]}}