{"id":251,"date":"2021-05-02T02:43:32","date_gmt":"2021-05-02T00:43:32","guid":{"rendered":"https:\/\/chantico-terrassenofen.de\/?page_id=251"},"modified":"2022-02-02T01:40:29","modified_gmt":"2022-02-02T00:40:29","slug":"sagawe-und-sohn-gbr","status":"publish","type":"page","link":"https:\/\/chantico-terrassenofen.de\/en\/sagawe-und-sohn-gbr\/","title":{"rendered":"About Us"},"content":{"rendered":"<div data-elementor-type=\"wp-page\" data-elementor-id=\"251\" class=\"elementor elementor-251\" data-elementor-post-type=\"page\">\n\t\t\t\t\t\t<section class=\"elementor-section elementor-top-section elementor-element elementor-element-17eaaa5 elementor-section-boxed elementor-section-height-default elementor-section-height-default\" data-id=\"17eaaa5\" data-element_type=\"section\" data-e-type=\"section\">\n\t\t\t\t\t\t<div class=\"elementor-container elementor-column-gap-default\">\n\t\t\t\t\t<div class=\"elementor-column elementor-col-100 elementor-top-column elementor-element elementor-element-f213016\" data-id=\"f213016\" data-element_type=\"column\" data-e-type=\"column\">\n\t\t\t<div class=\"elementor-widget-wrap elementor-element-populated\">\n\t\t\t\t\t\t<div class=\"elementor-element elementor-element-5d726f8 elementor-widget elementor-widget-global elementor-global-1061 elementor-widget-image\" data-id=\"5d726f8\" data-element_type=\"widget\" data-e-type=\"widget\" data-widget_type=\"image.default\">\n\t\t\t\t<div class=\"elementor-widget-container\">\n\t\t\t\t\t\t\t\t\t\t\t\t\t\t\t\t<a href=\"http:\/\/chantico-terrassenofen.de\/en\/\">\n\t\t\t\t\t\t\t<img fetchpriority=\"high\" decoding=\"async\" width=\"702\" height=\"302\" src=\"https:\/\/chantico-terrassenofen.de\/wp-content\/uploads\/2022\/02\/pyrolysekocher.png\" class=\"attachment-large size-large wp-image-1050\" alt=\"\" srcset=\"https:\/\/chantico-terrassenofen.de\/wp-content\/uploads\/2022\/02\/pyrolysekocher.png 702w, https:\/\/chantico-terrassenofen.de\/wp-content\/uploads\/2022\/02\/pyrolysekocher-300x129.png 300w, https:\/\/chantico-terrassenofen.de\/wp-content\/uploads\/2022\/02\/pyrolysekocher-18x8.png 18w, https:\/\/chantico-terrassenofen.de\/wp-content\/uploads\/2022\/02\/pyrolysekocher-600x258.png 600w\" sizes=\"(max-width: 702px) 100vw, 702px\" \/>\t\t\t\t\t\t\t\t<\/a>\n\t\t\t\t\t\t\t\t\t\t\t\t\t\t\t<\/div>\n\t\t\t\t<\/div>\n\t\t\t\t<div class=\"elementor-element elementor-element-5f10c67 elementor-widget elementor-widget-heading\" data-id=\"5f10c67\" data-element_type=\"widget\" data-e-type=\"widget\" data-widget_type=\"heading.default\">\n\t\t\t\t<div class=\"elementor-widget-container\">\n\t\t\t\t\t<h2 class=\"elementor-heading-title elementor-size-default\">About Us<\/h2>\t\t\t\t<\/div>\n\t\t\t\t<\/div>\n\t\t\t\t\t<\/div>\n\t\t<\/div>\n\t\t\t\t\t<\/div>\n\t\t<\/section>\n\t\t\t\t<section class=\"elementor-section elementor-top-section elementor-element elementor-element-af2e953 elementor-section-boxed elementor-section-height-default elementor-section-height-default\" data-id=\"af2e953\" data-element_type=\"section\" data-e-type=\"section\">\n\t\t\t\t\t\t<div class=\"elementor-container elementor-column-gap-default\">\n\t\t\t\t\t<div class=\"elementor-column elementor-col-100 elementor-top-column elementor-element elementor-element-ea0da78\" data-id=\"ea0da78\" data-element_type=\"column\" data-e-type=\"column\">\n\t\t\t<div class=\"elementor-widget-wrap elementor-element-populated\">\n\t\t\t\t\t\t<div class=\"elementor-element elementor-element-db80933 elementor-widget elementor-widget-image\" data-id=\"db80933\" data-element_type=\"widget\" data-e-type=\"widget\" data-widget_type=\"image.default\">\n\t\t\t\t<div class=\"elementor-widget-container\">\n\t\t\t\t\t\t\t\t\t\t\t\t<figure class=\"wp-caption\">\n\t\t\t\t\t\t\t\t\t\t<img decoding=\"async\" width=\"720\" height=\"480\" src=\"https:\/\/chantico-terrassenofen.de\/wp-content\/uploads\/2021\/07\/sagawe-chantico-1024x683.jpg\" class=\"attachment-large size-large wp-image-616\" alt=\"\" srcset=\"https:\/\/chantico-terrassenofen.de\/wp-content\/uploads\/2021\/07\/sagawe-chantico-1024x683.jpg 1024w, https:\/\/chantico-terrassenofen.de\/wp-content\/uploads\/2021\/07\/sagawe-chantico-300x200.jpg 300w, https:\/\/chantico-terrassenofen.de\/wp-content\/uploads\/2021\/07\/sagawe-chantico-768x512.jpg 768w, https:\/\/chantico-terrassenofen.de\/wp-content\/uploads\/2021\/07\/sagawe-chantico-1536x1024.jpg 1536w, https:\/\/chantico-terrassenofen.de\/wp-content\/uploads\/2021\/07\/sagawe-chantico-2048x1365.jpg 2048w, https:\/\/chantico-terrassenofen.de\/wp-content\/uploads\/2021\/07\/sagawe-chantico-16x12.jpg 16w, https:\/\/chantico-terrassenofen.de\/wp-content\/uploads\/2021\/07\/sagawe-chantico-1320x880.jpg 1320w, https:\/\/chantico-terrassenofen.de\/wp-content\/uploads\/2021\/07\/sagawe-chantico-600x400.jpg 600w\" sizes=\"(max-width: 720px) 100vw, 720px\" \/>\t\t\t\t\t\t\t\t\t\t\t<figcaption class=\"widget-image-caption wp-caption-text\">Foto: Jonathan Kemper<\/figcaption>\n\t\t\t\t\t\t\t\t\t\t<\/figure>\n\t\t\t\t\t\t\t\t\t<\/div>\n\t\t\t\t<\/div>\n\t\t\t\t<div class=\"elementor-element elementor-element-c35fd4f elementor-widget elementor-widget-text-editor\" data-id=\"c35fd4f\" data-element_type=\"widget\" data-e-type=\"widget\" data-widget_type=\"text-editor.default\">\n\t\t\t\t<div class=\"elementor-widget-container\">\n\t\t\t\t\t\t\t\t\t<p>Rainer und J\u00f6rgen Sagawe aus Hameln haben die Sagawe &amp; Sohn GbR gegr\u00fcndet.<\/p><p>Als Familienbetrieb ist uns die Produktion vor Ort und die Endabnahme unserer Werkst\u00fccke wichtig.<\/p>\t\t\t\t\t\t\t\t<\/div>\n\t\t\t\t<\/div>\n\t\t\t\t<div class=\"elementor-element elementor-element-1d48105 elementor-widget-divider--view-line_icon elementor-view-default elementor-widget-divider--element-align-center elementor-widget elementor-widget-divider\" data-id=\"1d48105\" data-element_type=\"widget\" data-e-type=\"widget\" data-widget_type=\"divider.default\">\n\t\t\t\t<div class=\"elementor-widget-container\">\n\t\t\t\t\t\t\t<div class=\"elementor-divider\">\n\t\t\t<span class=\"elementor-divider-separator\">\n\t\t\t\t\t\t\t<div class=\"elementor-icon elementor-divider__element\">\n\t\t\t\t\t<i aria-hidden=\"true\" class=\"fas fa-leaf\"><\/i><\/div>\n\t\t\t\t\t\t<\/span>\n\t\t<\/div>\n\t\t\t\t\t\t<\/div>\n\t\t\t\t<\/div>\n\t\t\t\t<div class=\"elementor-element elementor-element-9900d04 elementor-headline--style-highlight elementor-widget elementor-widget-animated-headline\" data-id=\"9900d04\" data-element_type=\"widget\" data-e-type=\"widget\" data-settings=\"{&quot;marker&quot;:&quot;underline&quot;,&quot;highlighted_text&quot;:&quot;Rainer Sagawe&quot;,&quot;highlight_animation_duration&quot;:995,&quot;headline_style&quot;:&quot;highlight&quot;}\" data-widget_type=\"animated-headline.default\">\n\t\t\t\t<div class=\"elementor-widget-container\">\n\t\t\t\t\t\t\t<h3 class=\"elementor-headline\">\n\t\t\t\t<span class=\"elementor-headline-dynamic-wrapper elementor-headline-text-wrapper\">\n\t\t\t\t\t<span class=\"elementor-headline-dynamic-text elementor-headline-text-active\">Rainer Sagawe<\/span>\n\t\t\t\t<\/span>\n\t\t\t\t<\/h3>\n\t\t\t\t\t\t<\/div>\n\t\t\t\t<\/div>\n\t\t\t\t<section class=\"elementor-section elementor-inner-section elementor-element elementor-element-6a9015d elementor-section-boxed elementor-section-height-default elementor-section-height-default\" data-id=\"6a9015d\" data-element_type=\"section\" data-e-type=\"section\">\n\t\t\t\t\t\t<div class=\"elementor-container elementor-column-gap-default\">\n\t\t\t\t\t<div class=\"elementor-column elementor-col-50 elementor-inner-column elementor-element elementor-element-d68e4cc\" data-id=\"d68e4cc\" data-element_type=\"column\" data-e-type=\"column\">\n\t\t\t<div class=\"elementor-widget-wrap elementor-element-populated\">\n\t\t\t\t\t\t<div class=\"elementor-element elementor-element-915353a elementor-widget elementor-widget-text-editor\" data-id=\"915353a\" data-element_type=\"widget\" data-e-type=\"widget\" data-widget_type=\"text-editor.default\">\n\t\t\t\t<div class=\"elementor-widget-container\">\n\t\t\t\t\t\t\t\t\t<ul><li>Entwicklung von Terra Preta Projekten<\/li><li>Langj\u00e4hrige Arbeit in Pressebereich, Technik und Redaktion<\/li><li>Mehrere Jahre ehrenamtlicher klimapolitischer Sprecher<br \/>f\u00fcr den BUND in Hameln-Pyrmont<\/li><li>Energiewende-Akteur<\/li><li>Berater f\u00fcr erneuerbare Energien<\/li><li>Initiator der Initiative \u201eDas Weserbergland, Modellregion f\u00fcr nachwachsende Rohstoffe und erneuerbare Energien\u201c<\/li><li>Gr\u00fcnder der Energie-Genossenschaft Weserbergland eG<\/li><li>Mitgr\u00fcnder von \u201eWeserbergland im Wandel\u201c, eine Transition-Town-Initiative<\/li><li>2. Vorsitzender des F\u00f6rdervereins Terra-Preta<\/li><\/ul>\t\t\t\t\t\t\t\t<\/div>\n\t\t\t\t<\/div>\n\t\t\t\t\t<\/div>\n\t\t<\/div>\n\t\t\t\t<div class=\"elementor-column elementor-col-50 elementor-inner-column elementor-element elementor-element-6dd3f9a\" data-id=\"6dd3f9a\" data-element_type=\"column\" data-e-type=\"column\">\n\t\t\t<div class=\"elementor-widget-wrap elementor-element-populated\">\n\t\t\t\t\t\t<div class=\"elementor-element elementor-element-29f7cf2 elementor-widget elementor-widget-image\" data-id=\"29f7cf2\" data-element_type=\"widget\" data-e-type=\"widget\" data-widget_type=\"image.default\">\n\t\t\t\t<div class=\"elementor-widget-container\">\n\t\t\t\t\t\t\t\t\t\t\t\t\t\t\t<img decoding=\"async\" width=\"113\" height=\"166\" src=\"https:\/\/chantico-terrassenofen.de\/wp-content\/uploads\/2021\/07\/rainer-sagawe.jpg\" class=\"attachment-large size-large wp-image-618\" alt=\"\" srcset=\"https:\/\/chantico-terrassenofen.de\/wp-content\/uploads\/2021\/07\/rainer-sagawe.jpg 113w, https:\/\/chantico-terrassenofen.de\/wp-content\/uploads\/2021\/07\/rainer-sagawe-8x12.jpg 8w\" sizes=\"(max-width: 113px) 100vw, 113px\" \/>\t\t\t\t\t\t\t\t\t\t\t\t\t\t\t<\/div>\n\t\t\t\t<\/div>\n\t\t\t\t\t<\/div>\n\t\t<\/div>\n\t\t\t\t\t<\/div>\n\t\t<\/section>\n\t\t\t\t<div class=\"elementor-element elementor-element-75af669f elementor-widget-divider--view-line_icon elementor-view-default elementor-widget-divider--element-align-center elementor-widget elementor-widget-divider\" data-id=\"75af669f\" data-element_type=\"widget\" data-e-type=\"widget\" data-widget_type=\"divider.default\">\n\t\t\t\t<div class=\"elementor-widget-container\">\n\t\t\t\t\t\t\t<div class=\"elementor-divider\">\n\t\t\t<span class=\"elementor-divider-separator\">\n\t\t\t\t\t\t\t<div class=\"elementor-icon elementor-divider__element\">\n\t\t\t\t\t<i aria-hidden=\"true\" class=\"fas fa-leaf\"><\/i><\/div>\n\t\t\t\t\t\t<\/span>\n\t\t<\/div>\n\t\t\t\t\t\t<\/div>\n\t\t\t\t<\/div>\n\t\t\t\t<div class=\"elementor-element elementor-element-26ae11fe elementor-headline--style-highlight elementor-widget elementor-widget-animated-headline\" data-id=\"26ae11fe\" data-element_type=\"widget\" data-e-type=\"widget\" data-settings=\"{&quot;marker&quot;:&quot;underline&quot;,&quot;highlighted_text&quot;:&quot;J\\u00f6rgen Sagawe&quot;,&quot;highlight_animation_duration&quot;:995,&quot;headline_style&quot;:&quot;highlight&quot;}\" data-widget_type=\"animated-headline.default\">\n\t\t\t\t<div class=\"elementor-widget-container\">\n\t\t\t\t\t\t\t<h3 class=\"elementor-headline\">\n\t\t\t\t<span class=\"elementor-headline-dynamic-wrapper elementor-headline-text-wrapper\">\n\t\t\t\t\t<span class=\"elementor-headline-dynamic-text elementor-headline-text-active\">J\u00f6rgen Sagawe<\/span>\n\t\t\t\t<\/span>\n\t\t\t\t<\/h3>\n\t\t\t\t\t\t<\/div>\n\t\t\t\t<\/div>\n\t\t\t\t<section class=\"elementor-section elementor-inner-section elementor-element elementor-element-7fb3d46 elementor-section-boxed elementor-section-height-default elementor-section-height-default\" data-id=\"7fb3d46\" data-element_type=\"section\" data-e-type=\"section\">\n\t\t\t\t\t\t<div class=\"elementor-container elementor-column-gap-default\">\n\t\t\t\t\t<div class=\"elementor-column elementor-col-50 elementor-inner-column elementor-element elementor-element-a807748\" data-id=\"a807748\" data-element_type=\"column\" data-e-type=\"column\">\n\t\t\t<div class=\"elementor-widget-wrap elementor-element-populated\">\n\t\t\t\t\t\t<div class=\"elementor-element elementor-element-bd3cf6d elementor-widget elementor-widget-text-editor\" data-id=\"bd3cf6d\" data-element_type=\"widget\" data-e-type=\"widget\" data-widget_type=\"text-editor.default\">\n\t\t\t\t<div class=\"elementor-widget-container\">\n\t\t\t\t\t\t\t\t\t<ul><li>Student der Sozialwissenschaften an der Universit\u00e4t Bielefeld<\/li><li>Webdesign<\/li><li>Marketing<\/li><li>Buchf\u00fchrung<\/li><li>Logistik<\/li><\/ul>\t\t\t\t\t\t\t\t<\/div>\n\t\t\t\t<\/div>\n\t\t\t\t\t<\/div>\n\t\t<\/div>\n\t\t\t\t<div class=\"elementor-column elementor-col-50 elementor-inner-column elementor-element elementor-element-b495374\" data-id=\"b495374\" data-element_type=\"column\" data-e-type=\"column\">\n\t\t\t<div class=\"elementor-widget-wrap elementor-element-populated\">\n\t\t\t\t\t\t<div class=\"elementor-element elementor-element-0ceeba0 elementor-widget elementor-widget-image\" data-id=\"0ceeba0\" data-element_type=\"widget\" data-e-type=\"widget\" data-widget_type=\"image.default\">\n\t\t\t\t<div class=\"elementor-widget-container\">\n\t\t\t\t\t\t\t\t\t\t\t\t\t\t\t<img loading=\"lazy\" decoding=\"async\" width=\"113\" height=\"149\" src=\"https:\/\/chantico-terrassenofen.de\/wp-content\/uploads\/2021\/07\/joergen-sagawe.jpg\" class=\"attachment-large size-large wp-image-619\" alt=\"\" srcset=\"https:\/\/chantico-terrassenofen.de\/wp-content\/uploads\/2021\/07\/joergen-sagawe.jpg 113w, https:\/\/chantico-terrassenofen.de\/wp-content\/uploads\/2021\/07\/joergen-sagawe-9x12.jpg 9w\" sizes=\"(max-width: 113px) 100vw, 113px\" \/>\t\t\t\t\t\t\t\t\t\t\t\t\t\t\t<\/div>\n\t\t\t\t<\/div>\n\t\t\t\t\t<\/div>\n\t\t<\/div>\n\t\t\t\t\t<\/div>\n\t\t<\/section>\n\t\t\t\t\t<\/div>\n\t\t<\/div>\n\t\t\t\t\t<\/div>\n\t\t<\/section>\n\t\t\t\t<\/div>","protected":false},"excerpt":{"rendered":"<p>\u00dcber Uns Foto: Jonathan Kemper Rainer und J\u00f6rgen Sagawe aus Hameln haben die Sagawe &amp; Sohn GbR gegr\u00fcndet. Als Familienbetrieb ist uns die Produktion vor Ort und die Endabnahme unserer Werkst\u00fccke wichtig. Rainer Sagawe Entwicklung von Terra Preta Projekten Langj\u00e4hrige Arbeit in Pressebereich, Technik und&hellip; <a class=\"read-more\" href=\"https:\/\/chantico-terrassenofen.de\/en\/sagawe-und-sohn-gbr\/\">Read more<\/a><\/p>","protected":false},"author":2,"featured_media":0,"parent":0,"menu_order":0,"comment_status":"closed","ping_status":"closed","template":"","meta":{"footnotes":""},"class_list":["post-251","page","type-page","status-publish","hentry"],"yoast_head":"<!-- This site is optimized with the Yoast SEO plugin v27.3 - https:\/\/yoast.com\/product\/yoast-seo-wordpress\/ -->\n<title>\u00dcber Uns - Chantico<\/title>\n<meta name=\"robots\" content=\"index, follow, max-snippet:-1, max-image-preview:large, max-video-preview:-1\" \/>\n<link rel=\"canonical\" href=\"https:\/\/chantico-terrassenofen.de\/en\/sagawe-und-sohn-gbr\/\" \/>\n<meta property=\"og:locale\" content=\"en_GB\" \/>\n<meta property=\"og:type\" content=\"article\" \/>\n<meta property=\"og:title\" content=\"\u00dcber Uns - Chantico\" \/>\n<meta property=\"og:description\" content=\"\u00dcber Uns Foto: Jonathan Kemper Rainer und J\u00f6rgen Sagawe aus Hameln haben die Sagawe &amp; Sohn GbR gegr\u00fcndet. Als Familienbetrieb ist uns die Produktion vor Ort und die Endabnahme unserer Werkst\u00fccke wichtig. Rainer Sagawe Entwicklung von Terra Preta Projekten Langj\u00e4hrige Arbeit in Pressebereich, Technik und&hellip; Read more\" \/>\n<meta property=\"og:url\" content=\"https:\/\/chantico-terrassenofen.de\/en\/sagawe-und-sohn-gbr\/\" \/>\n<meta property=\"og:site_name\" content=\"Chantico\" \/>\n<meta property=\"article:modified_time\" content=\"2022-02-02T00:40:29+00:00\" \/>\n<meta property=\"og:image\" content=\"https:\/\/chantico-terrassenofen.de\/wp-content\/uploads\/2022\/02\/pyrolysekocher.png\" \/>\n<meta name=\"twitter:card\" content=\"summary_large_image\" \/>\n<meta name=\"twitter:label1\" content=\"Estimated reading time\" \/>\n\t<meta name=\"twitter:data1\" content=\"2 minutes\" \/>\n<script type=\"application\/ld+json\" class=\"yoast-schema-graph\">{\"@context\":\"https:\\\/\\\/schema.org\",\"@graph\":[{\"@type\":\"WebPage\",\"@id\":\"https:\\\/\\\/chantico-terrassenofen.de\\\/sagawe-und-sohn-gbr\\\/\",\"url\":\"https:\\\/\\\/chantico-terrassenofen.de\\\/sagawe-und-sohn-gbr\\\/\",\"name\":\"\u00dcber Uns - Chantico\",\"isPartOf\":{\"@id\":\"https:\\\/\\\/chantico-terrassenofen.de\\\/#website\"},\"primaryImageOfPage\":{\"@id\":\"https:\\\/\\\/chantico-terrassenofen.de\\\/sagawe-und-sohn-gbr\\\/#primaryimage\"},\"image\":{\"@id\":\"https:\\\/\\\/chantico-terrassenofen.de\\\/sagawe-und-sohn-gbr\\\/#primaryimage\"},\"thumbnailUrl\":\"https:\\\/\\\/chantico-terrassenofen.de\\\/wp-content\\\/uploads\\\/2022\\\/02\\\/pyrolysekocher.png\",\"datePublished\":\"2021-05-02T00:43:32+00:00\",\"dateModified\":\"2022-02-02T00:40:29+00:00\",\"breadcrumb\":{\"@id\":\"https:\\\/\\\/chantico-terrassenofen.de\\\/sagawe-und-sohn-gbr\\\/#breadcrumb\"},\"inLanguage\":\"en-GB\",\"potentialAction\":[{\"@type\":\"ReadAction\",\"target\":[\"https:\\\/\\\/chantico-terrassenofen.de\\\/sagawe-und-sohn-gbr\\\/\"]}]},{\"@type\":\"ImageObject\",\"inLanguage\":\"en-GB\",\"@id\":\"https:\\\/\\\/chantico-terrassenofen.de\\\/sagawe-und-sohn-gbr\\\/#primaryimage\",\"url\":\"https:\\\/\\\/chantico-terrassenofen.de\\\/wp-content\\\/uploads\\\/2022\\\/02\\\/pyrolysekocher.png\",\"contentUrl\":\"https:\\\/\\\/chantico-terrassenofen.de\\\/wp-content\\\/uploads\\\/2022\\\/02\\\/pyrolysekocher.png\"},{\"@type\":\"BreadcrumbList\",\"@id\":\"https:\\\/\\\/chantico-terrassenofen.de\\\/sagawe-und-sohn-gbr\\\/#breadcrumb\",\"itemListElement\":[{\"@type\":\"ListItem\",\"position\":1,\"name\":\"Startseite\",\"item\":\"https:\\\/\\\/chantico-terrassenofen.de\\\/\"},{\"@type\":\"ListItem\",\"position\":2,\"name\":\"\u00dcber Uns\"}]},{\"@type\":\"WebSite\",\"@id\":\"https:\\\/\\\/chantico-terrassenofen.de\\\/#website\",\"url\":\"https:\\\/\\\/chantico-terrassenofen.de\\\/\",\"name\":\"Chantico\",\"description\":\"Der Pyrolysekocher\",\"publisher\":{\"@id\":\"https:\\\/\\\/chantico-terrassenofen.de\\\/#organization\"},\"potentialAction\":[{\"@type\":\"SearchAction\",\"target\":{\"@type\":\"EntryPoint\",\"urlTemplate\":\"https:\\\/\\\/chantico-terrassenofen.de\\\/?s={search_term_string}\"},\"query-input\":{\"@type\":\"PropertyValueSpecification\",\"valueRequired\":true,\"valueName\":\"search_term_string\"}}],\"inLanguage\":\"en-GB\"},{\"@type\":\"Organization\",\"@id\":\"https:\\\/\\\/chantico-terrassenofen.de\\\/#organization\",\"name\":\"Chantico\",\"url\":\"https:\\\/\\\/chantico-terrassenofen.de\\\/\",\"logo\":{\"@type\":\"ImageObject\",\"inLanguage\":\"en-GB\",\"@id\":\"https:\\\/\\\/chantico-terrassenofen.de\\\/#\\\/schema\\\/logo\\\/image\\\/\",\"url\":\"https:\\\/\\\/chantico-terrassenofen.de\\\/wp-content\\\/uploads\\\/2021\\\/03\\\/chantico-logo-1.png\",\"contentUrl\":\"https:\\\/\\\/chantico-terrassenofen.de\\\/wp-content\\\/uploads\\\/2021\\\/03\\\/chantico-logo-1.png\",\"width\":200,\"height\":200,\"caption\":\"Chantico\"},\"image\":{\"@id\":\"https:\\\/\\\/chantico-terrassenofen.de\\\/#\\\/schema\\\/logo\\\/image\\\/\"}}]}<\/script>\n<!-- \/ Yoast SEO plugin. -->","yoast_head_json":{"title":"\u00dcber Uns - Chantico","robots":{"index":"index","follow":"follow","max-snippet":"max-snippet:-1","max-image-preview":"max-image-preview:large","max-video-preview":"max-video-preview:-1"},"canonical":"https:\/\/chantico-terrassenofen.de\/en\/sagawe-und-sohn-gbr\/","og_locale":"en_GB","og_type":"article","og_title":"\u00dcber Uns - Chantico","og_description":"\u00dcber Uns Foto: Jonathan Kemper Rainer und J\u00f6rgen Sagawe aus Hameln haben die Sagawe &amp; Sohn GbR gegr\u00fcndet. Als Familienbetrieb ist uns die Produktion vor Ort und die Endabnahme unserer Werkst\u00fccke wichtig. Rainer Sagawe Entwicklung von Terra Preta Projekten Langj\u00e4hrige Arbeit in Pressebereich, Technik und&hellip; Read more","og_url":"https:\/\/chantico-terrassenofen.de\/en\/sagawe-und-sohn-gbr\/","og_site_name":"Chantico","article_modified_time":"2022-02-02T00:40:29+00:00","og_image":[{"url":"https:\/\/chantico-terrassenofen.de\/wp-content\/uploads\/2022\/02\/pyrolysekocher.png","type":"","width":"","height":""}],"twitter_card":"summary_large_image","twitter_misc":{"Estimated reading time":"2 minutes"},"schema":{"@context":"https:\/\/schema.org","@graph":[{"@type":"WebPage","@id":"https:\/\/chantico-terrassenofen.de\/sagawe-und-sohn-gbr\/","url":"https:\/\/chantico-terrassenofen.de\/sagawe-und-sohn-gbr\/","name":"\u00dcber Uns - Chantico","isPartOf":{"@id":"https:\/\/chantico-terrassenofen.de\/#website"},"primaryImageOfPage":{"@id":"https:\/\/chantico-terrassenofen.de\/sagawe-und-sohn-gbr\/#primaryimage"},"image":{"@id":"https:\/\/chantico-terrassenofen.de\/sagawe-und-sohn-gbr\/#primaryimage"},"thumbnailUrl":"https:\/\/chantico-terrassenofen.de\/wp-content\/uploads\/2022\/02\/pyrolysekocher.png","datePublished":"2021-05-02T00:43:32+00:00","dateModified":"2022-02-02T00:40:29+00:00","breadcrumb":{"@id":"https:\/\/chantico-terrassenofen.de\/sagawe-und-sohn-gbr\/#breadcrumb"},"inLanguage":"en-GB","potentialAction":[{"@type":"ReadAction","target":["https:\/\/chantico-terrassenofen.de\/sagawe-und-sohn-gbr\/"]}]},{"@type":"ImageObject","inLanguage":"en-GB","@id":"https:\/\/chantico-terrassenofen.de\/sagawe-und-sohn-gbr\/#primaryimage","url":"https:\/\/chantico-terrassenofen.de\/wp-content\/uploads\/2022\/02\/pyrolysekocher.png","contentUrl":"https:\/\/chantico-terrassenofen.de\/wp-content\/uploads\/2022\/02\/pyrolysekocher.png"},{"@type":"BreadcrumbList","@id":"https:\/\/chantico-terrassenofen.de\/sagawe-und-sohn-gbr\/#breadcrumb","itemListElement":[{"@type":"ListItem","position":1,"name":"Startseite","item":"https:\/\/chantico-terrassenofen.de\/"},{"@type":"ListItem","position":2,"name":"\u00dcber Uns"}]},{"@type":"WebSite","@id":"https:\/\/chantico-terrassenofen.de\/#website","url":"https:\/\/chantico-terrassenofen.de\/","name":"Chantico","description":"Der Pyrolysekocher","publisher":{"@id":"https:\/\/chantico-terrassenofen.de\/#organization"},"potentialAction":[{"@type":"SearchAction","target":{"@type":"EntryPoint","urlTemplate":"https:\/\/chantico-terrassenofen.de\/?s={search_term_string}"},"query-input":{"@type":"PropertyValueSpecification","valueRequired":true,"valueName":"search_term_string"}}],"inLanguage":"en-GB"},{"@type":"Organization","@id":"https:\/\/chantico-terrassenofen.de\/#organization","name":"Chantico","url":"https:\/\/chantico-terrassenofen.de\/","logo":{"@type":"ImageObject","inLanguage":"en-GB","@id":"https:\/\/chantico-terrassenofen.de\/#\/schema\/logo\/image\/","url":"https:\/\/chantico-terrassenofen.de\/wp-content\/uploads\/2021\/03\/chantico-logo-1.png","contentUrl":"https:\/\/chantico-terrassenofen.de\/wp-content\/uploads\/2021\/03\/chantico-logo-1.png","width":200,"height":200,"caption":"Chantico"},"image":{"@id":"https:\/\/chantico-terrassenofen.de\/#\/schema\/logo\/image\/"}}]}},"jetpack_sharing_enabled":true,"_links":{"self":[{"href":"https:\/\/chantico-terrassenofen.de\/en\/wp-json\/wp\/v2\/pages\/251","targetHints":{"allow":["GET"]}}],"collection":[{"href":"https:\/\/chantico-terrassenofen.de\/en\/wp-json\/wp\/v2\/pages"}],"about":[{"href":"https:\/\/chantico-terrassenofen.de\/en\/wp-json\/wp\/v2\/types\/page"}],"author":[{"embeddable":true,"href":"https:\/\/chantico-terrassenofen.de\/en\/wp-json\/wp\/v2\/users\/2"}],"replies":[{"embeddable":true,"href":"https:\/\/chantico-terrassenofen.de\/en\/wp-json\/wp\/v2\/comments?post=251"}],"version-history":[{"count":10,"href":"https:\/\/chantico-terrassenofen.de\/en\/wp-json\/wp\/v2\/pages\/251\/revisions"}],"predecessor-version":[{"id":1101,"href":"https:\/\/chantico-terrassenofen.de\/en\/wp-json\/wp\/v2\/pages\/251\/revisions\/1101"}],"wp:attachment":[{"href":"https:\/\/chantico-terrassenofen.de\/en\/wp-json\/wp\/v2\/media?parent=251"}],"curies":[{"name":"wp","href":"https:\/\/api.w.org\/{rel}","templated":true}]}}