{"id":36,"date":"2021-05-01T22:45:03","date_gmt":"2021-05-01T20:45:03","guid":{"rendered":"https:\/\/chantico-terrassenofen.de\/?page_id=36"},"modified":"2022-01-16T21:55:35","modified_gmt":"2022-01-16T20:55:35","slug":"impressum","status":"publish","type":"page","link":"https:\/\/chantico-terrassenofen.de\/en\/impressum\/","title":{"rendered":"Imprint"},"content":{"rendered":"<div data-elementor-type=\"wp-page\" data-elementor-id=\"36\" class=\"elementor elementor-36\" data-elementor-post-type=\"page\">\n\t\t\t\t\t\t<section class=\"elementor-section elementor-top-section elementor-element elementor-element-ca13cca elementor-section-boxed elementor-section-height-default elementor-section-height-default\" data-id=\"ca13cca\" data-element_type=\"section\" data-e-type=\"section\">\n\t\t\t\t\t\t<div class=\"elementor-container elementor-column-gap-default\">\n\t\t\t\t\t<div class=\"elementor-column elementor-col-100 elementor-top-column elementor-element elementor-element-b23b886\" data-id=\"b23b886\" data-element_type=\"column\" data-e-type=\"column\">\n\t\t\t<div class=\"elementor-widget-wrap elementor-element-populated\">\n\t\t\t\t\t\t<div class=\"elementor-element elementor-element-3693229 elementor-widget elementor-widget-heading\" data-id=\"3693229\" data-element_type=\"widget\" data-e-type=\"widget\" data-widget_type=\"heading.default\">\n\t\t\t\t<div class=\"elementor-widget-container\">\n\t\t\t\t\t<h2 class=\"elementor-heading-title elementor-size-default\">Imprint<\/h2>\t\t\t\t<\/div>\n\t\t\t\t<\/div>\n\t\t\t\t\t<\/div>\n\t\t<\/div>\n\t\t\t\t\t<\/div>\n\t\t<\/section>\n\t\t\t\t<section class=\"elementor-section elementor-top-section elementor-element elementor-element-d0bbf36 elementor-section-boxed elementor-section-height-default elementor-section-height-default\" data-id=\"d0bbf36\" data-element_type=\"section\" data-e-type=\"section\">\n\t\t\t\t\t\t<div class=\"elementor-container elementor-column-gap-default\">\n\t\t\t\t\t<div class=\"elementor-column elementor-col-100 elementor-top-column elementor-element elementor-element-7481719\" data-id=\"7481719\" data-element_type=\"column\" data-e-type=\"column\">\n\t\t\t<div class=\"elementor-widget-wrap elementor-element-populated\">\n\t\t\t\t\t\t<div class=\"elementor-element elementor-element-9f26127 elementor-widget elementor-widget-text-editor\" data-id=\"9f26127\" data-element_type=\"widget\" data-e-type=\"widget\" data-widget_type=\"text-editor.default\">\n\t\t\t\t<div class=\"elementor-widget-container\">\n\t\t\t\t\t\t\t\t\t<div id=\"cc-m-12276537936\" class=\"j-module n j-header\">\n<h4 id=\"cc-m-header-12276537936\"><strong>Angaben gem\u00e4\u00df \u00a7 5 TMG<\/strong><\/h4>\n<\/div>\n<div id=\"cc-m-12276538336\" class=\"j-module n j-text\">\n<p>Sagawe &amp; Sohn GbR<br>Galgenberg 11<br>31789 Hameln<\/p>\n<p>Ust-IdNr: DE292713316<br>Steuernummer 22\/233\/15903<br>Finanzamt Hameln<\/p>\n<\/div>\n<div id=\"cc-m-12276550636\" class=\"j-module n j-header\">\n<h4 id=\"cc-m-header-12276550636\"><strong>Vertreten durch die Gesellschafter<\/strong><\/h4>\n<\/div>\n<div id=\"cc-m-12276551536\" class=\"j-module n j-text\">\n<ul>\n<li class=\"paragraph_style_2\">Rainer Sagawe, Galgenberg 11, 31789 Hameln<\/li>\n<li class=\"paragraph_style_2\">J\u00f6rgen Sagawe, Galgenberg 20, 31789 Hameln<\/li>\n<\/ul>\n<\/div>\n<div id=\"cc-m-12276560836\" class=\"j-module n j-spacing\">\n<h4 class=\"cc-m-spacer\"><strong>Contact<\/strong><\/h4>\n<\/div>\n<div id=\"cc-m-12276565436\" class=\"j-module n j-text\">\n<p class=\"paragraph_style_2\">Telefon: 0 51 51 \/ 56 00 86<br>E-Mail:&nbsp;<a title=\"mailto:sagawe@chantico-terrassenofen.de\" href=\"mailto:sagawe@chantico-terrassenofen.de\">sagawe@chantico-terrassenofen.de<\/a><\/p>\n<\/div>\n<div id=\"cc-m-12276568436\" class=\"j-module n j-spacing\">\n<h4 class=\"cc-m-spacer\"><strong>Bankverbindung<\/strong><\/h4>\n<\/div>\n<div id=\"cc-m-12276569436\" class=\"j-module n j-text\">\n<p class=\"paragraph_style_5\">Konto: 31018617<br>bei der Sparkasse Weserbergland (BLZ: 25450110)<\/p>\n<p>IBAN: DE70254501100031018617<br>BIC: NOLADE21SWB<\/p>\n<\/div>\n<div id=\"cc-m-12276569936\" class=\"j-module n j-spacing\">\n<div class=\"cc-m-spacer\">&nbsp;<\/div>\n<\/div>\n<div id=\"cc-m-12276572936\" class=\"j-module n j-header\">\n<h4 id=\"cc-m-header-12276572936\">Haftungsausschluss<\/h4>\n<\/div>\n<div id=\"cc-m-12276589136\" class=\"j-module n j-text\">\n<p class=\"paragraph_style_2\"><strong>Haftung f\u00fcr Inhalte<\/strong><\/p>\n<p class=\"paragraph_style_2\">Die Inhalte unserer Seiten wurden mit gr\u00f6\u00dfter Sorgfalt erstellt. F\u00fcr die Richtigkeit, Vollst\u00e4ndigkeit und Aktualit\u00e4t der Inhalte k\u00f6nnen wir jedoch keine Gew\u00e4hr \u00fcbernehmen. Als Diensteanbieter sind wir gem\u00e4\u00df \u00a7 7 Abs.1 TMG f\u00fcr eigene Inhalte auf diesen Seiten nach den allgemeinen Gesetzen verantwortlich. Nach \u00a7\u00a7 8 bis 10 TMG sind wir als Diensteanbieter jedoch nicht verpflichtet, \u00fcbermittelte oder gespeicherte fremde Informationen zu \u00fcberwachen oder nach Umst\u00e4nden zu forschen, die auf eine rechtswidrige T\u00e4tigkeit hinweisen. Verpflichtungen zur Entfernung oder Sperrung der Nutzung von Informationen nach den allgemeinen Gesetzen bleiben hiervon unber\u00fchrt. Eine diesbez\u00fcgliche Haftung ist jedoch erst ab dem Zeitpunkt der Kenntnis einer konkreten Rechtsverletzung m\u00f6glich. Bei Bekanntwerden von entsprechenden Rechtsverletzungen werden wir diese Inhalte umgehend entfernen.<\/p>\n<p class=\"paragraph_style_2\"><strong>Haftung f\u00fcr Links<\/strong><\/p>\n<p>Unser Angebot enth\u00e4lt Links zu externen Webseiten Dritter, auf deren Inhalte wir keinen Einfluss haben. Deshalb k\u00f6nnen wir f\u00fcr diese fremden Inhalte auch keine Gew\u00e4hr \u00fcbernehmen. F\u00fcr die Inhalte der verlinkten Seiten ist stets der jeweilige Anbieter oder Betreiber der Seiten verantwortlich. Die verlinkten Seiten wurden zum Zeitpunkt der Verlinkung auf m\u00f6gliche Rechtsverst\u00f6\u00dfe \u00fcberpr\u00fcft. Rechtswidrige Inhalte waren zum Zeitpunkt der Verlinkung nicht erkennbar. Eine permanente inhaltliche Kontrolle der verlinkten Seiten ist jedoch ohne konkrete Anhaltspunkte einer Rechtsverletzung nicht zumutbar. Bei Bekanntwerden von Rechtsverletzungen werden wir derartige Links umgehend entfernen.<\/p>\n<p><strong>Medienberatung und Kommunikations-Agentur<\/strong><\/p>\n<p><a href=\"http:\/\/embege.de\"><img decoding=\"async\" class=\"alignnone wp-image-1027 size-full\" src=\"https:\/\/chantico-terrassenofen.de\/wp-content\/uploads\/2021\/12\/embege-medienberatung-300x66-1.png\" alt=\"\" width=\"300\" height=\"66\" srcset=\"https:\/\/chantico-terrassenofen.de\/wp-content\/uploads\/2021\/12\/embege-medienberatung-300x66-1.png 300w, https:\/\/chantico-terrassenofen.de\/wp-content\/uploads\/2021\/12\/embege-medienberatung-300x66-1-18x4.png 18w\" sizes=\"(max-width: 300px) 100vw, 300px\" \/><\/a><\/p>\n<p>Diese Webseite wurde konzeptioniert von der <span style=\"text-decoration: underline;\"><strong><a href=\"http:\/\/medienberatungsgesellschaft.de\">medienberatung<\/a> <\/strong><a href=\"http:\/\/embege.de\"><strong>embege<\/strong><\/a><\/span> aus Hannover. Die embe:ge medienberatungsgesellschaft \u00fcbernimmt Design, Gestaltung, Programmierung und administriert f\u00fcr Sie Ihren Auftritt im Internet. Falls Sie Fragen zu strategischer Beratung bei interner oder externer Kommunikation, Imagefilmen oder ihrem Unternehmens-Erscheinungsbild haben, kontaktieren Sie die <strong><span style=\"text-decoration: underline;\"><a href=\"http:\/\/medienberatungsgesellschaft.de\">embege<\/a><\/span><\/strong> gerne mit Verweis auf Herrn Sagawe.<\/p>\n<\/div>\t\t\t\t\t\t\t\t<\/div>\n\t\t\t\t<\/div>\n\t\t\t\t\t<\/div>\n\t\t<\/div>\n\t\t\t\t\t<\/div>\n\t\t<\/section>\n\t\t\t\t<\/div>","protected":false},"excerpt":{"rendered":"<p>Impressum Angaben gem\u00e4\u00df \u00a7 5 TMG Sagawe &amp; Sohn GbRGalgenberg 1131789 Hameln Ust-IdNr: DE292713316Steuernummer 22\/233\/15903Finanzamt Hameln Vertreten durch die Gesellschafter Rainer Sagawe, Galgenberg 11, 31789 Hameln J\u00f6rgen Sagawe, Galgenberg 20, 31789 Hameln Kontakt Telefon: 0 51 51 \/ 56 00 86E-Mail:&nbsp;sagawe@chantico-terrassenofen.de Bankverbindung Konto: 31018617bei der&hellip; <a class=\"read-more\" href=\"https:\/\/chantico-terrassenofen.de\/en\/impressum\/\">Read more<\/a><\/p>","protected":false},"author":2,"featured_media":0,"parent":0,"menu_order":0,"comment_status":"closed","ping_status":"closed","template":"","meta":{"footnotes":""},"class_list":["post-36","page","type-page","status-publish","hentry"],"yoast_head":"<!-- This site is optimized with the Yoast SEO plugin v27.3 - https:\/\/yoast.com\/product\/yoast-seo-wordpress\/ -->\n<title>Impressum - Chantico<\/title>\n<meta name=\"robots\" content=\"index, follow, max-snippet:-1, max-image-preview:large, max-video-preview:-1\" \/>\n<link rel=\"canonical\" href=\"https:\/\/chantico-terrassenofen.de\/en\/impressum\/\" \/>\n<meta property=\"og:locale\" content=\"en_GB\" \/>\n<meta property=\"og:type\" content=\"article\" \/>\n<meta property=\"og:title\" content=\"Impressum - Chantico\" \/>\n<meta property=\"og:description\" content=\"Impressum Angaben gem\u00e4\u00df \u00a7 5 TMG Sagawe &amp; Sohn GbRGalgenberg 1131789 Hameln Ust-IdNr: DE292713316Steuernummer 22\/233\/15903Finanzamt Hameln Vertreten durch die Gesellschafter Rainer Sagawe, Galgenberg 11, 31789 Hameln J\u00f6rgen Sagawe, Galgenberg 20, 31789 Hameln Kontakt Telefon: 0 51 51 \/ 56 00 86E-Mail:&nbsp;sagawe@chantico-terrassenofen.de Bankverbindung Konto: 31018617bei der&hellip; Read more\" \/>\n<meta property=\"og:url\" content=\"https:\/\/chantico-terrassenofen.de\/en\/impressum\/\" \/>\n<meta property=\"og:site_name\" content=\"Chantico\" \/>\n<meta property=\"article:modified_time\" content=\"2022-01-16T20:55:35+00:00\" \/>\n<meta property=\"og:image\" content=\"https:\/\/chantico-terrassenofen.de\/wp-content\/uploads\/2021\/12\/embege-medienberatung-300x66-1.png\" \/>\n<meta name=\"twitter:card\" content=\"summary_large_image\" \/>\n<meta name=\"twitter:label1\" content=\"Estimated reading time\" \/>\n\t<meta name=\"twitter:data1\" content=\"3 minutes\" \/>\n<script type=\"application\/ld+json\" class=\"yoast-schema-graph\">{\"@context\":\"https:\\\/\\\/schema.org\",\"@graph\":[{\"@type\":\"WebPage\",\"@id\":\"https:\\\/\\\/chantico-terrassenofen.de\\\/impressum\\\/\",\"url\":\"https:\\\/\\\/chantico-terrassenofen.de\\\/impressum\\\/\",\"name\":\"Impressum - Chantico\",\"isPartOf\":{\"@id\":\"https:\\\/\\\/chantico-terrassenofen.de\\\/#website\"},\"primaryImageOfPage\":{\"@id\":\"https:\\\/\\\/chantico-terrassenofen.de\\\/impressum\\\/#primaryimage\"},\"image\":{\"@id\":\"https:\\\/\\\/chantico-terrassenofen.de\\\/impressum\\\/#primaryimage\"},\"thumbnailUrl\":\"https:\\\/\\\/chantico-terrassenofen.de\\\/wp-content\\\/uploads\\\/2021\\\/12\\\/embege-medienberatung-300x66-1.png\",\"datePublished\":\"2021-05-01T20:45:03+00:00\",\"dateModified\":\"2022-01-16T20:55:35+00:00\",\"breadcrumb\":{\"@id\":\"https:\\\/\\\/chantico-terrassenofen.de\\\/impressum\\\/#breadcrumb\"},\"inLanguage\":\"en-GB\",\"potentialAction\":[{\"@type\":\"ReadAction\",\"target\":[\"https:\\\/\\\/chantico-terrassenofen.de\\\/impressum\\\/\"]}]},{\"@type\":\"ImageObject\",\"inLanguage\":\"en-GB\",\"@id\":\"https:\\\/\\\/chantico-terrassenofen.de\\\/impressum\\\/#primaryimage\",\"url\":\"https:\\\/\\\/chantico-terrassenofen.de\\\/wp-content\\\/uploads\\\/2021\\\/12\\\/embege-medienberatung-300x66-1.png\",\"contentUrl\":\"https:\\\/\\\/chantico-terrassenofen.de\\\/wp-content\\\/uploads\\\/2021\\\/12\\\/embege-medienberatung-300x66-1.png\"},{\"@type\":\"BreadcrumbList\",\"@id\":\"https:\\\/\\\/chantico-terrassenofen.de\\\/impressum\\\/#breadcrumb\",\"itemListElement\":[{\"@type\":\"ListItem\",\"position\":1,\"name\":\"Startseite\",\"item\":\"https:\\\/\\\/chantico-terrassenofen.de\\\/\"},{\"@type\":\"ListItem\",\"position\":2,\"name\":\"Impressum\"}]},{\"@type\":\"WebSite\",\"@id\":\"https:\\\/\\\/chantico-terrassenofen.de\\\/#website\",\"url\":\"https:\\\/\\\/chantico-terrassenofen.de\\\/\",\"name\":\"Chantico\",\"description\":\"Der Pyrolysekocher\",\"publisher\":{\"@id\":\"https:\\\/\\\/chantico-terrassenofen.de\\\/#organization\"},\"potentialAction\":[{\"@type\":\"SearchAction\",\"target\":{\"@type\":\"EntryPoint\",\"urlTemplate\":\"https:\\\/\\\/chantico-terrassenofen.de\\\/?s={search_term_string}\"},\"query-input\":{\"@type\":\"PropertyValueSpecification\",\"valueRequired\":true,\"valueName\":\"search_term_string\"}}],\"inLanguage\":\"en-GB\"},{\"@type\":\"Organization\",\"@id\":\"https:\\\/\\\/chantico-terrassenofen.de\\\/#organization\",\"name\":\"Chantico\",\"url\":\"https:\\\/\\\/chantico-terrassenofen.de\\\/\",\"logo\":{\"@type\":\"ImageObject\",\"inLanguage\":\"en-GB\",\"@id\":\"https:\\\/\\\/chantico-terrassenofen.de\\\/#\\\/schema\\\/logo\\\/image\\\/\",\"url\":\"https:\\\/\\\/chantico-terrassenofen.de\\\/wp-content\\\/uploads\\\/2021\\\/03\\\/chantico-logo-1.png\",\"contentUrl\":\"https:\\\/\\\/chantico-terrassenofen.de\\\/wp-content\\\/uploads\\\/2021\\\/03\\\/chantico-logo-1.png\",\"width\":200,\"height\":200,\"caption\":\"Chantico\"},\"image\":{\"@id\":\"https:\\\/\\\/chantico-terrassenofen.de\\\/#\\\/schema\\\/logo\\\/image\\\/\"}}]}<\/script>\n<!-- \/ Yoast SEO plugin. -->","yoast_head_json":{"title":"Impressum - Chantico","robots":{"index":"index","follow":"follow","max-snippet":"max-snippet:-1","max-image-preview":"max-image-preview:large","max-video-preview":"max-video-preview:-1"},"canonical":"https:\/\/chantico-terrassenofen.de\/en\/impressum\/","og_locale":"en_GB","og_type":"article","og_title":"Impressum - Chantico","og_description":"Impressum Angaben gem\u00e4\u00df \u00a7 5 TMG Sagawe &amp; Sohn GbRGalgenberg 1131789 Hameln Ust-IdNr: DE292713316Steuernummer 22\/233\/15903Finanzamt Hameln Vertreten durch die Gesellschafter Rainer Sagawe, Galgenberg 11, 31789 Hameln J\u00f6rgen Sagawe, Galgenberg 20, 31789 Hameln Kontakt Telefon: 0 51 51 \/ 56 00 86E-Mail:&nbsp;sagawe@chantico-terrassenofen.de Bankverbindung Konto: 31018617bei der&hellip; Read more","og_url":"https:\/\/chantico-terrassenofen.de\/en\/impressum\/","og_site_name":"Chantico","article_modified_time":"2022-01-16T20:55:35+00:00","og_image":[{"url":"https:\/\/chantico-terrassenofen.de\/wp-content\/uploads\/2021\/12\/embege-medienberatung-300x66-1.png","type":"","width":"","height":""}],"twitter_card":"summary_large_image","twitter_misc":{"Estimated reading time":"3 minutes"},"schema":{"@context":"https:\/\/schema.org","@graph":[{"@type":"WebPage","@id":"https:\/\/chantico-terrassenofen.de\/impressum\/","url":"https:\/\/chantico-terrassenofen.de\/impressum\/","name":"Impressum - Chantico","isPartOf":{"@id":"https:\/\/chantico-terrassenofen.de\/#website"},"primaryImageOfPage":{"@id":"https:\/\/chantico-terrassenofen.de\/impressum\/#primaryimage"},"image":{"@id":"https:\/\/chantico-terrassenofen.de\/impressum\/#primaryimage"},"thumbnailUrl":"https:\/\/chantico-terrassenofen.de\/wp-content\/uploads\/2021\/12\/embege-medienberatung-300x66-1.png","datePublished":"2021-05-01T20:45:03+00:00","dateModified":"2022-01-16T20:55:35+00:00","breadcrumb":{"@id":"https:\/\/chantico-terrassenofen.de\/impressum\/#breadcrumb"},"inLanguage":"en-GB","potentialAction":[{"@type":"ReadAction","target":["https:\/\/chantico-terrassenofen.de\/impressum\/"]}]},{"@type":"ImageObject","inLanguage":"en-GB","@id":"https:\/\/chantico-terrassenofen.de\/impressum\/#primaryimage","url":"https:\/\/chantico-terrassenofen.de\/wp-content\/uploads\/2021\/12\/embege-medienberatung-300x66-1.png","contentUrl":"https:\/\/chantico-terrassenofen.de\/wp-content\/uploads\/2021\/12\/embege-medienberatung-300x66-1.png"},{"@type":"BreadcrumbList","@id":"https:\/\/chantico-terrassenofen.de\/impressum\/#breadcrumb","itemListElement":[{"@type":"ListItem","position":1,"name":"Startseite","item":"https:\/\/chantico-terrassenofen.de\/"},{"@type":"ListItem","position":2,"name":"Impressum"}]},{"@type":"WebSite","@id":"https:\/\/chantico-terrassenofen.de\/#website","url":"https:\/\/chantico-terrassenofen.de\/","name":"Chantico","description":"Der Pyrolysekocher","publisher":{"@id":"https:\/\/chantico-terrassenofen.de\/#organization"},"potentialAction":[{"@type":"SearchAction","target":{"@type":"EntryPoint","urlTemplate":"https:\/\/chantico-terrassenofen.de\/?s={search_term_string}"},"query-input":{"@type":"PropertyValueSpecification","valueRequired":true,"valueName":"search_term_string"}}],"inLanguage":"en-GB"},{"@type":"Organization","@id":"https:\/\/chantico-terrassenofen.de\/#organization","name":"Chantico","url":"https:\/\/chantico-terrassenofen.de\/","logo":{"@type":"ImageObject","inLanguage":"en-GB","@id":"https:\/\/chantico-terrassenofen.de\/#\/schema\/logo\/image\/","url":"https:\/\/chantico-terrassenofen.de\/wp-content\/uploads\/2021\/03\/chantico-logo-1.png","contentUrl":"https:\/\/chantico-terrassenofen.de\/wp-content\/uploads\/2021\/03\/chantico-logo-1.png","width":200,"height":200,"caption":"Chantico"},"image":{"@id":"https:\/\/chantico-terrassenofen.de\/#\/schema\/logo\/image\/"}}]}},"jetpack_sharing_enabled":true,"_links":{"self":[{"href":"https:\/\/chantico-terrassenofen.de\/en\/wp-json\/wp\/v2\/pages\/36","targetHints":{"allow":["GET"]}}],"collection":[{"href":"https:\/\/chantico-terrassenofen.de\/en\/wp-json\/wp\/v2\/pages"}],"about":[{"href":"https:\/\/chantico-terrassenofen.de\/en\/wp-json\/wp\/v2\/types\/page"}],"author":[{"embeddable":true,"href":"https:\/\/chantico-terrassenofen.de\/en\/wp-json\/wp\/v2\/users\/2"}],"replies":[{"embeddable":true,"href":"https:\/\/chantico-terrassenofen.de\/en\/wp-json\/wp\/v2\/comments?post=36"}],"version-history":[{"count":10,"href":"https:\/\/chantico-terrassenofen.de\/en\/wp-json\/wp\/v2\/pages\/36\/revisions"}],"predecessor-version":[{"id":1047,"href":"https:\/\/chantico-terrassenofen.de\/en\/wp-json\/wp\/v2\/pages\/36\/revisions\/1047"}],"wp:attachment":[{"href":"https:\/\/chantico-terrassenofen.de\/en\/wp-json\/wp\/v2\/media?parent=36"}],"curies":[{"name":"wp","href":"https:\/\/api.w.org\/{rel}","templated":true}]}}