{"id":524,"date":"2021-07-04T09:13:44","date_gmt":"2021-07-04T07:13:44","guid":{"rendered":"https:\/\/chantico-terrassenofen.de\/?post_type=product&#038;p=524"},"modified":"2021-11-13T19:43:14","modified_gmt":"2021-11-13T18:43:14","slug":"albert-bates-kathleen-draper-cool-down-mit-pflanzenkohle-die-klimakrise-loesen","status":"publish","type":"product","link":"https:\/\/chantico-terrassenofen.de\/en\/shop\/albert-bates-kathleen-draper-cool-down-mit-pflanzenkohle-die-klimakrise-loesen\/","title":{"rendered":"COOL DOWN \/ Mit Pflanzenkohle die Klimakrise l\u00f6sen?"},"content":{"rendered":"<p>Durch Verbrennung die Erderw\u00e4rmung eind\u00e4mmen? Klingt paradox, ist aber m\u00f6glich Die zugrunde liegende Methode \u2013 die sauerstofffreie \u00bbVerbrennung\u00ab von organischen Materialien wie K\u00fcchenabf\u00e4llen oder Pflanzenresten \u2013 wurde bereits vor \u00fcber 500 Jahren entwickelt. Auf diese Weise produzierte Pflanzenkohle macht B\u00f6den fruchtbar, reinigt Wasser und kann als Zuschlagstoff die Eigenschaften von Stahl und Beton verbessern. Vor allem aber kann sie die Klimaerhitzung drastisch eind\u00e4mmen, indem sie der Atmosph\u00e4re Kohlenstoff entzieht. Ein Buch \u00fcber einen wahren Allesk\u00f6nner gegen die Klimakrise.<\/p>\n<p><a href=\"http:\/\/chantico-terrassenofen.de\/wp-content\/uploads\/2021\/07\/Leseprobe_Cool-Down.pdf\" target=\"_blank\" rel=\"noopener\">Leseprobe<\/a><\/p>\n<p>ISBN: 978-3-96238-250-6<br \/>\nSoftcover, 352 Seiten<br \/>\n\u00fcbersetzt von Irina Kamara<br \/>\nErscheinungstermin: 13.04.2021<\/p>","protected":false},"excerpt":{"rendered":"<p>Durch Verbrennung die Erderw\u00e4rmung eind\u00e4mmen? Klingt paradox, ist aber m\u00f6glich Die zugrunde liegende Methode \u2013 die sauerstofffreie \u00bbVerbrennung\u00ab von organischen Materialien wie K\u00fcchenabf\u00e4llen oder Pflanzenresten \u2013 wurde bereits vor \u00fcber 500 Jahren entwickelt. Auf diese Weise produzierte Pflanzenkohle macht B\u00f6den fruchtbar, reinigt Wasser und kann&hellip; <a class=\"read-more\" href=\"https:\/\/chantico-terrassenofen.de\/en\/shop\/albert-bates-kathleen-draper-cool-down-mit-pflanzenkohle-die-klimakrise-loesen\/\">Read more<\/a><\/p>","protected":false},"featured_media":488,"template":"","meta":[],"product_brand":[],"product_cat":[39,40],"product_tag":[43,42,44,41,46,45],"class_list":{"0":"post-524","1":"product","2":"type-product","3":"status-publish","4":"has-post-thumbnail","6":"product_cat-literatur","7":"product_cat-sachbuch","8":"product_tag-albert-bates","9":"product_tag-cool-down","10":"product_tag-kathleen-draper","11":"product_tag-klimakrise","12":"product_tag-literatur","13":"product_tag-sachbuch","14":"product_shipping_class-buechersendung","16":"first","17":"instock","18":"purchasable","19":"product-type-simple"},"yoast_head":"<!-- This site is optimized with the Yoast SEO plugin v27.4 - https:\/\/yoast.com\/product\/yoast-seo-wordpress\/ -->\n<title>Albert Bates - Cool Down \/ Mit Pflanzenkohle die Klimakrise l\u00f6sen<\/title>\n<meta name=\"robots\" content=\"index, follow, max-snippet:-1, max-image-preview:large, max-video-preview:-1\" \/>\n<link rel=\"canonical\" href=\"https:\/\/chantico-terrassenofen.de\/en\/shop\/albert-bates-kathleen-draper-cool-down-mit-pflanzenkohle-die-klimakrise-loesen\/\" \/>\n<meta property=\"og:locale\" content=\"en_GB\" \/>\n<meta property=\"og:type\" content=\"article\" \/>\n<meta property=\"og:title\" content=\"Albert Bates - Cool Down \/ Mit Pflanzenkohle die Klimakrise l\u00f6sen\" \/>\n<meta property=\"og:description\" content=\"Durch Verbrennung die Erderw\u00e4rmung eind\u00e4mmen? Klingt paradox, ist aber m\u00f6glich Die zugrunde liegende Methode \u2013 die sauerstofffreie \u00bbVerbrennung\u00ab von organischen Materialien wie K\u00fcchenabf\u00e4llen oder Pflanzenresten \u2013 wurde bereits vor \u00fcber 500 Jahren entwickelt. Auf diese Weise produzierte Pflanzenkohle macht B\u00f6den fruchtbar, reinigt Wasser und kann&hellip; Read more\" \/>\n<meta property=\"og:url\" content=\"https:\/\/chantico-terrassenofen.de\/en\/shop\/albert-bates-kathleen-draper-cool-down-mit-pflanzenkohle-die-klimakrise-loesen\/\" \/>\n<meta property=\"og:site_name\" content=\"Chantico\" \/>\n<meta property=\"article:modified_time\" content=\"2021-11-13T18:43:14+00:00\" \/>\n<meta property=\"og:image\" content=\"https:\/\/chantico-terrassenofen.de\/wp-content\/uploads\/2021\/05\/cool-down-buch.jpg\" \/>\n\t<meta property=\"og:image:width\" content=\"580\" \/>\n\t<meta property=\"og:image:height\" content=\"915\" \/>\n\t<meta property=\"og:image:type\" content=\"image\/jpeg\" \/>\n<meta name=\"twitter:card\" content=\"summary_large_image\" \/>\n<meta name=\"twitter:label1\" content=\"Estimated reading time\" \/>\n\t<meta name=\"twitter:data1\" content=\"1 minute\" \/>\n<script type=\"application\/ld+json\" class=\"yoast-schema-graph\">{\"@context\":\"https:\\\/\\\/schema.org\",\"@graph\":[{\"@type\":\"WebPage\",\"@id\":\"https:\\\/\\\/chantico-terrassenofen.de\\\/en\\\/shop\\\/albert-bates-kathleen-draper-cool-down-mit-pflanzenkohle-die-klimakrise-loesen\\\/\",\"url\":\"https:\\\/\\\/chantico-terrassenofen.de\\\/en\\\/shop\\\/albert-bates-kathleen-draper-cool-down-mit-pflanzenkohle-die-klimakrise-loesen\\\/\",\"name\":\"Albert Bates - Cool Down \\\/ Mit Pflanzenkohle die Klimakrise l\u00f6sen\",\"isPartOf\":{\"@id\":\"https:\\\/\\\/chantico-terrassenofen.de\\\/#website\"},\"primaryImageOfPage\":{\"@id\":\"https:\\\/\\\/chantico-terrassenofen.de\\\/en\\\/shop\\\/albert-bates-kathleen-draper-cool-down-mit-pflanzenkohle-die-klimakrise-loesen\\\/#primaryimage\"},\"image\":{\"@id\":\"https:\\\/\\\/chantico-terrassenofen.de\\\/en\\\/shop\\\/albert-bates-kathleen-draper-cool-down-mit-pflanzenkohle-die-klimakrise-loesen\\\/#primaryimage\"},\"thumbnailUrl\":\"https:\\\/\\\/chantico-terrassenofen.de\\\/wp-content\\\/uploads\\\/2021\\\/05\\\/cool-down-buch.jpg\",\"datePublished\":\"2021-07-04T07:13:44+00:00\",\"dateModified\":\"2021-11-13T18:43:14+00:00\",\"breadcrumb\":{\"@id\":\"https:\\\/\\\/chantico-terrassenofen.de\\\/en\\\/shop\\\/albert-bates-kathleen-draper-cool-down-mit-pflanzenkohle-die-klimakrise-loesen\\\/#breadcrumb\"},\"inLanguage\":\"en-GB\",\"potentialAction\":[{\"@type\":\"ReadAction\",\"target\":[\"https:\\\/\\\/chantico-terrassenofen.de\\\/en\\\/shop\\\/albert-bates-kathleen-draper-cool-down-mit-pflanzenkohle-die-klimakrise-loesen\\\/\"]}]},{\"@type\":\"ImageObject\",\"inLanguage\":\"en-GB\",\"@id\":\"https:\\\/\\\/chantico-terrassenofen.de\\\/en\\\/shop\\\/albert-bates-kathleen-draper-cool-down-mit-pflanzenkohle-die-klimakrise-loesen\\\/#primaryimage\",\"url\":\"https:\\\/\\\/chantico-terrassenofen.de\\\/wp-content\\\/uploads\\\/2021\\\/05\\\/cool-down-buch.jpg\",\"contentUrl\":\"https:\\\/\\\/chantico-terrassenofen.de\\\/wp-content\\\/uploads\\\/2021\\\/05\\\/cool-down-buch.jpg\",\"width\":580,\"height\":915,\"caption\":\"Cool Down - Das Buch\"},{\"@type\":\"BreadcrumbList\",\"@id\":\"https:\\\/\\\/chantico-terrassenofen.de\\\/en\\\/shop\\\/albert-bates-kathleen-draper-cool-down-mit-pflanzenkohle-die-klimakrise-loesen\\\/#breadcrumb\",\"itemListElement\":[{\"@type\":\"ListItem\",\"position\":1,\"name\":\"Startseite\",\"item\":\"https:\\\/\\\/chantico-terrassenofen.de\\\/\"},{\"@type\":\"ListItem\",\"position\":2,\"name\":\"COOL DOWN \\\/ Mit Pflanzenkohle die Klimakrise l\u00f6sen?\"}]},{\"@type\":\"WebSite\",\"@id\":\"https:\\\/\\\/chantico-terrassenofen.de\\\/#website\",\"url\":\"https:\\\/\\\/chantico-terrassenofen.de\\\/\",\"name\":\"Chantico\",\"description\":\"Der Pyrolysekocher\",\"publisher\":{\"@id\":\"https:\\\/\\\/chantico-terrassenofen.de\\\/#organization\"},\"potentialAction\":[{\"@type\":\"SearchAction\",\"target\":{\"@type\":\"EntryPoint\",\"urlTemplate\":\"https:\\\/\\\/chantico-terrassenofen.de\\\/?s={search_term_string}\"},\"query-input\":{\"@type\":\"PropertyValueSpecification\",\"valueRequired\":true,\"valueName\":\"search_term_string\"}}],\"inLanguage\":\"en-GB\"},{\"@type\":\"Organization\",\"@id\":\"https:\\\/\\\/chantico-terrassenofen.de\\\/#organization\",\"name\":\"Chantico\",\"url\":\"https:\\\/\\\/chantico-terrassenofen.de\\\/\",\"logo\":{\"@type\":\"ImageObject\",\"inLanguage\":\"en-GB\",\"@id\":\"https:\\\/\\\/chantico-terrassenofen.de\\\/#\\\/schema\\\/logo\\\/image\\\/\",\"url\":\"https:\\\/\\\/chantico-terrassenofen.de\\\/wp-content\\\/uploads\\\/2021\\\/03\\\/chantico-logo-1.png\",\"contentUrl\":\"https:\\\/\\\/chantico-terrassenofen.de\\\/wp-content\\\/uploads\\\/2021\\\/03\\\/chantico-logo-1.png\",\"width\":200,\"height\":200,\"caption\":\"Chantico\"},\"image\":{\"@id\":\"https:\\\/\\\/chantico-terrassenofen.de\\\/#\\\/schema\\\/logo\\\/image\\\/\"}}]}<\/script>\n<!-- \/ Yoast SEO plugin. -->","yoast_head_json":{"title":"Albert Bates - Cool Down \/ Mit Pflanzenkohle die Klimakrise l\u00f6sen","robots":{"index":"index","follow":"follow","max-snippet":"max-snippet:-1","max-image-preview":"max-image-preview:large","max-video-preview":"max-video-preview:-1"},"canonical":"https:\/\/chantico-terrassenofen.de\/en\/shop\/albert-bates-kathleen-draper-cool-down-mit-pflanzenkohle-die-klimakrise-loesen\/","og_locale":"en_GB","og_type":"article","og_title":"Albert Bates - Cool Down \/ Mit Pflanzenkohle die Klimakrise l\u00f6sen","og_description":"Durch Verbrennung die Erderw\u00e4rmung eind\u00e4mmen? Klingt paradox, ist aber m\u00f6glich Die zugrunde liegende Methode \u2013 die sauerstofffreie \u00bbVerbrennung\u00ab von organischen Materialien wie K\u00fcchenabf\u00e4llen oder Pflanzenresten \u2013 wurde bereits vor \u00fcber 500 Jahren entwickelt. Auf diese Weise produzierte Pflanzenkohle macht B\u00f6den fruchtbar, reinigt Wasser und kann&hellip; Read more","og_url":"https:\/\/chantico-terrassenofen.de\/en\/shop\/albert-bates-kathleen-draper-cool-down-mit-pflanzenkohle-die-klimakrise-loesen\/","og_site_name":"Chantico","article_modified_time":"2021-11-13T18:43:14+00:00","og_image":[{"width":580,"height":915,"url":"https:\/\/chantico-terrassenofen.de\/wp-content\/uploads\/2021\/05\/cool-down-buch.jpg","type":"image\/jpeg"}],"twitter_card":"summary_large_image","twitter_misc":{"Estimated reading time":"1 minute"},"schema":{"@context":"https:\/\/schema.org","@graph":[{"@type":"WebPage","@id":"https:\/\/chantico-terrassenofen.de\/en\/shop\/albert-bates-kathleen-draper-cool-down-mit-pflanzenkohle-die-klimakrise-loesen\/","url":"https:\/\/chantico-terrassenofen.de\/en\/shop\/albert-bates-kathleen-draper-cool-down-mit-pflanzenkohle-die-klimakrise-loesen\/","name":"Albert Bates - Cool Down \/ Mit Pflanzenkohle die Klimakrise l\u00f6sen","isPartOf":{"@id":"https:\/\/chantico-terrassenofen.de\/#website"},"primaryImageOfPage":{"@id":"https:\/\/chantico-terrassenofen.de\/en\/shop\/albert-bates-kathleen-draper-cool-down-mit-pflanzenkohle-die-klimakrise-loesen\/#primaryimage"},"image":{"@id":"https:\/\/chantico-terrassenofen.de\/en\/shop\/albert-bates-kathleen-draper-cool-down-mit-pflanzenkohle-die-klimakrise-loesen\/#primaryimage"},"thumbnailUrl":"https:\/\/chantico-terrassenofen.de\/wp-content\/uploads\/2021\/05\/cool-down-buch.jpg","datePublished":"2021-07-04T07:13:44+00:00","dateModified":"2021-11-13T18:43:14+00:00","breadcrumb":{"@id":"https:\/\/chantico-terrassenofen.de\/en\/shop\/albert-bates-kathleen-draper-cool-down-mit-pflanzenkohle-die-klimakrise-loesen\/#breadcrumb"},"inLanguage":"en-GB","potentialAction":[{"@type":"ReadAction","target":["https:\/\/chantico-terrassenofen.de\/en\/shop\/albert-bates-kathleen-draper-cool-down-mit-pflanzenkohle-die-klimakrise-loesen\/"]}]},{"@type":"ImageObject","inLanguage":"en-GB","@id":"https:\/\/chantico-terrassenofen.de\/en\/shop\/albert-bates-kathleen-draper-cool-down-mit-pflanzenkohle-die-klimakrise-loesen\/#primaryimage","url":"https:\/\/chantico-terrassenofen.de\/wp-content\/uploads\/2021\/05\/cool-down-buch.jpg","contentUrl":"https:\/\/chantico-terrassenofen.de\/wp-content\/uploads\/2021\/05\/cool-down-buch.jpg","width":580,"height":915,"caption":"Cool Down - Das Buch"},{"@type":"BreadcrumbList","@id":"https:\/\/chantico-terrassenofen.de\/en\/shop\/albert-bates-kathleen-draper-cool-down-mit-pflanzenkohle-die-klimakrise-loesen\/#breadcrumb","itemListElement":[{"@type":"ListItem","position":1,"name":"Startseite","item":"https:\/\/chantico-terrassenofen.de\/"},{"@type":"ListItem","position":2,"name":"COOL DOWN \/ Mit Pflanzenkohle die Klimakrise l\u00f6sen?"}]},{"@type":"WebSite","@id":"https:\/\/chantico-terrassenofen.de\/#website","url":"https:\/\/chantico-terrassenofen.de\/","name":"Chantico","description":"Der Pyrolysekocher","publisher":{"@id":"https:\/\/chantico-terrassenofen.de\/#organization"},"potentialAction":[{"@type":"SearchAction","target":{"@type":"EntryPoint","urlTemplate":"https:\/\/chantico-terrassenofen.de\/?s={search_term_string}"},"query-input":{"@type":"PropertyValueSpecification","valueRequired":true,"valueName":"search_term_string"}}],"inLanguage":"en-GB"},{"@type":"Organization","@id":"https:\/\/chantico-terrassenofen.de\/#organization","name":"Chantico","url":"https:\/\/chantico-terrassenofen.de\/","logo":{"@type":"ImageObject","inLanguage":"en-GB","@id":"https:\/\/chantico-terrassenofen.de\/#\/schema\/logo\/image\/","url":"https:\/\/chantico-terrassenofen.de\/wp-content\/uploads\/2021\/03\/chantico-logo-1.png","contentUrl":"https:\/\/chantico-terrassenofen.de\/wp-content\/uploads\/2021\/03\/chantico-logo-1.png","width":200,"height":200,"caption":"Chantico"},"image":{"@id":"https:\/\/chantico-terrassenofen.de\/#\/schema\/logo\/image\/"}}]}},"jetpack_sharing_enabled":true,"_links":{"self":[{"href":"https:\/\/chantico-terrassenofen.de\/en\/wp-json\/wp\/v2\/product\/524","targetHints":{"allow":["GET"]}}],"collection":[{"href":"https:\/\/chantico-terrassenofen.de\/en\/wp-json\/wp\/v2\/product"}],"about":[{"href":"https:\/\/chantico-terrassenofen.de\/en\/wp-json\/wp\/v2\/types\/product"}],"version-history":[{"count":5,"href":"https:\/\/chantico-terrassenofen.de\/en\/wp-json\/wp\/v2\/product\/524\/revisions"}],"predecessor-version":[{"id":533,"href":"https:\/\/chantico-terrassenofen.de\/en\/wp-json\/wp\/v2\/product\/524\/revisions\/533"}],"wp:featuredmedia":[{"embeddable":true,"href":"https:\/\/chantico-terrassenofen.de\/en\/wp-json\/wp\/v2\/media\/488"}],"wp:attachment":[{"href":"https:\/\/chantico-terrassenofen.de\/en\/wp-json\/wp\/v2\/media?parent=524"}],"wp:term":[{"taxonomy":"product_brand","embeddable":true,"href":"https:\/\/chantico-terrassenofen.de\/en\/wp-json\/wp\/v2\/product_brand?post=524"},{"taxonomy":"product_cat","embeddable":true,"href":"https:\/\/chantico-terrassenofen.de\/en\/wp-json\/wp\/v2\/product_cat?post=524"},{"taxonomy":"product_tag","embeddable":true,"href":"https:\/\/chantico-terrassenofen.de\/en\/wp-json\/wp\/v2\/product_tag?post=524"}],"curies":[{"name":"wp","href":"https:\/\/api.w.org\/{rel}","templated":true}]}}