{"id":530,"date":"2021-07-04T09:19:07","date_gmt":"2021-07-04T07:19:07","guid":{"rendered":"https:\/\/chantico-terrassenofen.de\/?post_type=product&#038;p=530"},"modified":"2022-06-02T22:33:42","modified_gmt":"2022-06-02T20:33:42","slug":"gaertnern-nach-dem-terra-preta-prinzip-praxiswissen-fuer-dauerhaft-fruchtbare-gartenerde","status":"publish","type":"product","link":"https:\/\/chantico-terrassenofen.de\/en\/shop\/gaertnern-nach-dem-terra-preta-prinzip-praxiswissen-fuer-dauerhaft-fruchtbare-gartenerde\/","title":{"rendered":"G\u00e4rtnern nach dem Terra-Preta Prinzip: Praxiswissen f\u00fcr dauerhaft fruchtbare Gartenerde"},"content":{"rendered":"<p><strong>Fruchtbare Schwarzerde selbst herstellen<\/strong><\/p>\n<p>Schmackhaftes Gem\u00fcse und pr\u00e4chtig bl\u00fchende Stauden in einem sich selbst erhaltenden System anbauen, auf Torf verzichten, Humus aufbauen und die Umwelt entlasten: In ihrem Buch \u00bbG\u00e4rtnern nach dem Terra-Preta-Prinzip\u00ab, erschienen im pala-verlag, zeigt Andrea Prei\u00dfler-Abou El Fadil, wie dies alles geht. Als Vorbild f\u00fcr diese moderne Art des G\u00e4rtnerns dient die zum Teil Jahrtausende alte Terra Preta de \u00edndio aus der s\u00fcdamerikanischen Regenwaldregion.<\/p>\n<p>Die Autorin befasst sich seit vielen Jahren in Theorie und Praxis mit dem Thema Terra Preta, das sie sowohl als Historikerin als auch passionierte G\u00e4rtnerin fasziniert. Sie beschreibt, welches Prinzip zugrunde liegt und was mit selbst hergestelltem Schwarzerde-Substrat m\u00f6glich ist. Auf kleiner Fl\u00e4che, auch im Palettenbeet und Balkonkasten, wachsen Gem\u00fcse, Kr\u00e4uter und Blumen gesund und \u00fcppig. Garten- und K\u00fcchenabfall landen gleich wieder im Stoffkreislauf. Pflanzenkohle, der Komposterde beigemischt, speichert CO2, N\u00e4hrstoffe und Wasser \u2013 gut f\u00fcrs Klima und die Umwelt.<\/p>\n<p>Mit den detaillierten Anleitungen der Gartenexpertin und weiterer Terra-Preta-Praktiker gelingt es leicht, Schwarzerde-Substrate selbst herzustellen. Beispiele aus Klein- und Stadtg\u00e4rten zeigen, wie in Kombination mit Gr\u00fcnd\u00fcngung, Mulchen und Anbau in Mischkultur die Bodenfruchtbarkeit dauerhaft erhalten bleibt. Gartenneulinge und erfahrene Selbstversorger finden in diesem Buch viele inspirierende Anleitungen, f\u00fcr Biog\u00e4rten auf dem Land und gr\u00fcne Oasen in der Stadt.<\/p>\n<p><a href=\"https:\/\/www.book2look.com\/vBook.aspx?id=9783895663765\" target=\"_blank\" rel=\"noopener\">Leseprobe<\/a><\/p>\n<p>Andrea Prei\u00dfler-Abou El Fadil<br \/>\nG\u00e4rtnern nach dem Terra-Preta-Prinzip<br \/>\nPraxiswissen f\u00fcr dauerhaft fruchtbare Gartenerde<br \/>\npala-verlag, Darmstadt, 2018<\/p>\n<p>160 Seiten, Hardcover, 22,- Euro<br \/>\nISBN: 978-3-89566-376-5<\/p>","protected":false},"excerpt":{"rendered":"<p>Fruchtbare Schwarzerde selbst herstellen Schmackhaftes Gem\u00fcse und pr\u00e4chtig bl\u00fchende Stauden in einem sich selbst erhaltenden System anbauen, auf Torf verzichten, Humus aufbauen und die Umwelt entlasten: In ihrem Buch \u00bbG\u00e4rtnern nach dem Terra-Preta-Prinzip\u00ab, erschienen im pala-verlag, zeigt Andrea Prei\u00dfler-Abou El Fadil, wie dies alles geht.&hellip; <a class=\"read-more\" href=\"https:\/\/chantico-terrassenofen.de\/en\/shop\/gaertnern-nach-dem-terra-preta-prinzip-praxiswissen-fuer-dauerhaft-fruchtbare-gartenerde\/\">Read more<\/a><\/p>","protected":false},"featured_media":486,"template":"","meta":[],"product_brand":[],"product_cat":[39,40],"product_tag":[49,50,45,48,47],"class_list":{"0":"post-530","1":"product","2":"type-product","3":"status-publish","4":"has-post-thumbnail","6":"product_cat-literatur","7":"product_cat-sachbuch","8":"product_tag-buch","9":"product_tag-gartenerde","10":"product_tag-sachbuch","11":"product_tag-schwarze-erde","12":"product_tag-terra-preta","13":"product_shipping_class-buechersendung","15":"first","16":"instock","17":"purchasable","18":"product-type-simple"},"yoast_head":"<!-- This site is optimized with the Yoast SEO plugin v27.4 - https:\/\/yoast.com\/product\/yoast-seo-wordpress\/ -->\n<title>G\u00e4rtnern nach dem Terra-Preta-Prinzip -Sachbuch<\/title>\n<meta name=\"robots\" content=\"index, follow, max-snippet:-1, max-image-preview:large, max-video-preview:-1\" \/>\n<link rel=\"canonical\" href=\"https:\/\/chantico-terrassenofen.de\/en\/shop\/gaertnern-nach-dem-terra-preta-prinzip-praxiswissen-fuer-dauerhaft-fruchtbare-gartenerde\/\" \/>\n<meta property=\"og:locale\" content=\"en_GB\" \/>\n<meta property=\"og:type\" content=\"article\" \/>\n<meta property=\"og:title\" content=\"G\u00e4rtnern nach dem Terra-Preta-Prinzip -Sachbuch\" \/>\n<meta property=\"og:description\" content=\"Fruchtbare Schwarzerde selbst herstellen Schmackhaftes Gem\u00fcse und pr\u00e4chtig bl\u00fchende Stauden in einem sich selbst erhaltenden System anbauen, auf Torf verzichten, Humus aufbauen und die Umwelt entlasten: In ihrem Buch \u00bbG\u00e4rtnern nach dem Terra-Preta-Prinzip\u00ab, erschienen im pala-verlag, zeigt Andrea Prei\u00dfler-Abou El Fadil, wie dies alles geht.&hellip; Read more\" \/>\n<meta property=\"og:url\" content=\"https:\/\/chantico-terrassenofen.de\/en\/shop\/gaertnern-nach-dem-terra-preta-prinzip-praxiswissen-fuer-dauerhaft-fruchtbare-gartenerde\/\" \/>\n<meta property=\"og:site_name\" content=\"Chantico\" \/>\n<meta property=\"article:modified_time\" content=\"2022-06-02T20:33:42+00:00\" \/>\n<meta property=\"og:image\" content=\"https:\/\/chantico-terrassenofen.de\/wp-content\/uploads\/2021\/05\/terra-preta-prinzip-buch.jpg\" \/>\n\t<meta property=\"og:image:width\" content=\"910\" \/>\n\t<meta property=\"og:image:height\" content=\"1280\" \/>\n\t<meta property=\"og:image:type\" content=\"image\/jpeg\" \/>\n<meta name=\"twitter:card\" content=\"summary_large_image\" \/>\n<meta name=\"twitter:label1\" content=\"Estimated reading time\" \/>\n\t<meta name=\"twitter:data1\" content=\"1 minute\" \/>\n<script type=\"application\/ld+json\" class=\"yoast-schema-graph\">{\"@context\":\"https:\\\/\\\/schema.org\",\"@graph\":[{\"@type\":\"WebPage\",\"@id\":\"https:\\\/\\\/chantico-terrassenofen.de\\\/shop\\\/gaertnern-nach-dem-terra-preta-prinzip-praxiswissen-fuer-dauerhaft-fruchtbare-gartenerde\\\/\",\"url\":\"https:\\\/\\\/chantico-terrassenofen.de\\\/shop\\\/gaertnern-nach-dem-terra-preta-prinzip-praxiswissen-fuer-dauerhaft-fruchtbare-gartenerde\\\/\",\"name\":\"G\u00e4rtnern nach dem Terra-Preta-Prinzip -Sachbuch\",\"isPartOf\":{\"@id\":\"https:\\\/\\\/chantico-terrassenofen.de\\\/#website\"},\"primaryImageOfPage\":{\"@id\":\"https:\\\/\\\/chantico-terrassenofen.de\\\/shop\\\/gaertnern-nach-dem-terra-preta-prinzip-praxiswissen-fuer-dauerhaft-fruchtbare-gartenerde\\\/#primaryimage\"},\"image\":{\"@id\":\"https:\\\/\\\/chantico-terrassenofen.de\\\/shop\\\/gaertnern-nach-dem-terra-preta-prinzip-praxiswissen-fuer-dauerhaft-fruchtbare-gartenerde\\\/#primaryimage\"},\"thumbnailUrl\":\"https:\\\/\\\/chantico-terrassenofen.de\\\/wp-content\\\/uploads\\\/2021\\\/05\\\/terra-preta-prinzip-buch.jpg\",\"datePublished\":\"2021-07-04T07:19:07+00:00\",\"dateModified\":\"2022-06-02T20:33:42+00:00\",\"breadcrumb\":{\"@id\":\"https:\\\/\\\/chantico-terrassenofen.de\\\/shop\\\/gaertnern-nach-dem-terra-preta-prinzip-praxiswissen-fuer-dauerhaft-fruchtbare-gartenerde\\\/#breadcrumb\"},\"inLanguage\":\"en-GB\",\"potentialAction\":[{\"@type\":\"ReadAction\",\"target\":[\"https:\\\/\\\/chantico-terrassenofen.de\\\/shop\\\/gaertnern-nach-dem-terra-preta-prinzip-praxiswissen-fuer-dauerhaft-fruchtbare-gartenerde\\\/\"]}]},{\"@type\":\"ImageObject\",\"inLanguage\":\"en-GB\",\"@id\":\"https:\\\/\\\/chantico-terrassenofen.de\\\/shop\\\/gaertnern-nach-dem-terra-preta-prinzip-praxiswissen-fuer-dauerhaft-fruchtbare-gartenerde\\\/#primaryimage\",\"url\":\"https:\\\/\\\/chantico-terrassenofen.de\\\/wp-content\\\/uploads\\\/2021\\\/05\\\/terra-preta-prinzip-buch.jpg\",\"contentUrl\":\"https:\\\/\\\/chantico-terrassenofen.de\\\/wp-content\\\/uploads\\\/2021\\\/05\\\/terra-preta-prinzip-buch.jpg\",\"width\":910,\"height\":1280,\"caption\":\"G\u00e4rtnern nach Terra Preta\"},{\"@type\":\"BreadcrumbList\",\"@id\":\"https:\\\/\\\/chantico-terrassenofen.de\\\/shop\\\/gaertnern-nach-dem-terra-preta-prinzip-praxiswissen-fuer-dauerhaft-fruchtbare-gartenerde\\\/#breadcrumb\",\"itemListElement\":[{\"@type\":\"ListItem\",\"position\":1,\"name\":\"Startseite\",\"item\":\"https:\\\/\\\/chantico-terrassenofen.de\\\/\"},{\"@type\":\"ListItem\",\"position\":2,\"name\":\"G\u00e4rtnern nach dem Terra-Preta Prinzip: Praxiswissen f\u00fcr dauerhaft fruchtbare Gartenerde\"}]},{\"@type\":\"WebSite\",\"@id\":\"https:\\\/\\\/chantico-terrassenofen.de\\\/#website\",\"url\":\"https:\\\/\\\/chantico-terrassenofen.de\\\/\",\"name\":\"Chantico\",\"description\":\"Der Pyrolysekocher\",\"publisher\":{\"@id\":\"https:\\\/\\\/chantico-terrassenofen.de\\\/#organization\"},\"potentialAction\":[{\"@type\":\"SearchAction\",\"target\":{\"@type\":\"EntryPoint\",\"urlTemplate\":\"https:\\\/\\\/chantico-terrassenofen.de\\\/?s={search_term_string}\"},\"query-input\":{\"@type\":\"PropertyValueSpecification\",\"valueRequired\":true,\"valueName\":\"search_term_string\"}}],\"inLanguage\":\"en-GB\"},{\"@type\":\"Organization\",\"@id\":\"https:\\\/\\\/chantico-terrassenofen.de\\\/#organization\",\"name\":\"Chantico\",\"url\":\"https:\\\/\\\/chantico-terrassenofen.de\\\/\",\"logo\":{\"@type\":\"ImageObject\",\"inLanguage\":\"en-GB\",\"@id\":\"https:\\\/\\\/chantico-terrassenofen.de\\\/#\\\/schema\\\/logo\\\/image\\\/\",\"url\":\"https:\\\/\\\/chantico-terrassenofen.de\\\/wp-content\\\/uploads\\\/2021\\\/03\\\/chantico-logo-1.png\",\"contentUrl\":\"https:\\\/\\\/chantico-terrassenofen.de\\\/wp-content\\\/uploads\\\/2021\\\/03\\\/chantico-logo-1.png\",\"width\":200,\"height\":200,\"caption\":\"Chantico\"},\"image\":{\"@id\":\"https:\\\/\\\/chantico-terrassenofen.de\\\/#\\\/schema\\\/logo\\\/image\\\/\"}}]}<\/script>\n<!-- \/ Yoast SEO plugin. -->","yoast_head_json":{"title":"G\u00e4rtnern nach dem Terra-Preta-Prinzip -Sachbuch","robots":{"index":"index","follow":"follow","max-snippet":"max-snippet:-1","max-image-preview":"max-image-preview:large","max-video-preview":"max-video-preview:-1"},"canonical":"https:\/\/chantico-terrassenofen.de\/en\/shop\/gaertnern-nach-dem-terra-preta-prinzip-praxiswissen-fuer-dauerhaft-fruchtbare-gartenerde\/","og_locale":"en_GB","og_type":"article","og_title":"G\u00e4rtnern nach dem Terra-Preta-Prinzip -Sachbuch","og_description":"Fruchtbare Schwarzerde selbst herstellen Schmackhaftes Gem\u00fcse und pr\u00e4chtig bl\u00fchende Stauden in einem sich selbst erhaltenden System anbauen, auf Torf verzichten, Humus aufbauen und die Umwelt entlasten: In ihrem Buch \u00bbG\u00e4rtnern nach dem Terra-Preta-Prinzip\u00ab, erschienen im pala-verlag, zeigt Andrea Prei\u00dfler-Abou El Fadil, wie dies alles geht.&hellip; Read more","og_url":"https:\/\/chantico-terrassenofen.de\/en\/shop\/gaertnern-nach-dem-terra-preta-prinzip-praxiswissen-fuer-dauerhaft-fruchtbare-gartenerde\/","og_site_name":"Chantico","article_modified_time":"2022-06-02T20:33:42+00:00","og_image":[{"width":910,"height":1280,"url":"https:\/\/chantico-terrassenofen.de\/wp-content\/uploads\/2021\/05\/terra-preta-prinzip-buch.jpg","type":"image\/jpeg"}],"twitter_card":"summary_large_image","twitter_misc":{"Estimated reading time":"1 minute"},"schema":{"@context":"https:\/\/schema.org","@graph":[{"@type":"WebPage","@id":"https:\/\/chantico-terrassenofen.de\/shop\/gaertnern-nach-dem-terra-preta-prinzip-praxiswissen-fuer-dauerhaft-fruchtbare-gartenerde\/","url":"https:\/\/chantico-terrassenofen.de\/shop\/gaertnern-nach-dem-terra-preta-prinzip-praxiswissen-fuer-dauerhaft-fruchtbare-gartenerde\/","name":"G\u00e4rtnern nach dem Terra-Preta-Prinzip -Sachbuch","isPartOf":{"@id":"https:\/\/chantico-terrassenofen.de\/#website"},"primaryImageOfPage":{"@id":"https:\/\/chantico-terrassenofen.de\/shop\/gaertnern-nach-dem-terra-preta-prinzip-praxiswissen-fuer-dauerhaft-fruchtbare-gartenerde\/#primaryimage"},"image":{"@id":"https:\/\/chantico-terrassenofen.de\/shop\/gaertnern-nach-dem-terra-preta-prinzip-praxiswissen-fuer-dauerhaft-fruchtbare-gartenerde\/#primaryimage"},"thumbnailUrl":"https:\/\/chantico-terrassenofen.de\/wp-content\/uploads\/2021\/05\/terra-preta-prinzip-buch.jpg","datePublished":"2021-07-04T07:19:07+00:00","dateModified":"2022-06-02T20:33:42+00:00","breadcrumb":{"@id":"https:\/\/chantico-terrassenofen.de\/shop\/gaertnern-nach-dem-terra-preta-prinzip-praxiswissen-fuer-dauerhaft-fruchtbare-gartenerde\/#breadcrumb"},"inLanguage":"en-GB","potentialAction":[{"@type":"ReadAction","target":["https:\/\/chantico-terrassenofen.de\/shop\/gaertnern-nach-dem-terra-preta-prinzip-praxiswissen-fuer-dauerhaft-fruchtbare-gartenerde\/"]}]},{"@type":"ImageObject","inLanguage":"en-GB","@id":"https:\/\/chantico-terrassenofen.de\/shop\/gaertnern-nach-dem-terra-preta-prinzip-praxiswissen-fuer-dauerhaft-fruchtbare-gartenerde\/#primaryimage","url":"https:\/\/chantico-terrassenofen.de\/wp-content\/uploads\/2021\/05\/terra-preta-prinzip-buch.jpg","contentUrl":"https:\/\/chantico-terrassenofen.de\/wp-content\/uploads\/2021\/05\/terra-preta-prinzip-buch.jpg","width":910,"height":1280,"caption":"G\u00e4rtnern nach Terra Preta"},{"@type":"BreadcrumbList","@id":"https:\/\/chantico-terrassenofen.de\/shop\/gaertnern-nach-dem-terra-preta-prinzip-praxiswissen-fuer-dauerhaft-fruchtbare-gartenerde\/#breadcrumb","itemListElement":[{"@type":"ListItem","position":1,"name":"Startseite","item":"https:\/\/chantico-terrassenofen.de\/"},{"@type":"ListItem","position":2,"name":"G\u00e4rtnern nach dem Terra-Preta Prinzip: Praxiswissen f\u00fcr dauerhaft fruchtbare Gartenerde"}]},{"@type":"WebSite","@id":"https:\/\/chantico-terrassenofen.de\/#website","url":"https:\/\/chantico-terrassenofen.de\/","name":"Chantico","description":"Der Pyrolysekocher","publisher":{"@id":"https:\/\/chantico-terrassenofen.de\/#organization"},"potentialAction":[{"@type":"SearchAction","target":{"@type":"EntryPoint","urlTemplate":"https:\/\/chantico-terrassenofen.de\/?s={search_term_string}"},"query-input":{"@type":"PropertyValueSpecification","valueRequired":true,"valueName":"search_term_string"}}],"inLanguage":"en-GB"},{"@type":"Organization","@id":"https:\/\/chantico-terrassenofen.de\/#organization","name":"Chantico","url":"https:\/\/chantico-terrassenofen.de\/","logo":{"@type":"ImageObject","inLanguage":"en-GB","@id":"https:\/\/chantico-terrassenofen.de\/#\/schema\/logo\/image\/","url":"https:\/\/chantico-terrassenofen.de\/wp-content\/uploads\/2021\/03\/chantico-logo-1.png","contentUrl":"https:\/\/chantico-terrassenofen.de\/wp-content\/uploads\/2021\/03\/chantico-logo-1.png","width":200,"height":200,"caption":"Chantico"},"image":{"@id":"https:\/\/chantico-terrassenofen.de\/#\/schema\/logo\/image\/"}}]}},"jetpack_sharing_enabled":true,"_links":{"self":[{"href":"https:\/\/chantico-terrassenofen.de\/en\/wp-json\/wp\/v2\/product\/530","targetHints":{"allow":["GET"]}}],"collection":[{"href":"https:\/\/chantico-terrassenofen.de\/en\/wp-json\/wp\/v2\/product"}],"about":[{"href":"https:\/\/chantico-terrassenofen.de\/en\/wp-json\/wp\/v2\/types\/product"}],"version-history":[{"count":3,"href":"https:\/\/chantico-terrassenofen.de\/en\/wp-json\/wp\/v2\/product\/530\/revisions"}],"predecessor-version":[{"id":1155,"href":"https:\/\/chantico-terrassenofen.de\/en\/wp-json\/wp\/v2\/product\/530\/revisions\/1155"}],"wp:featuredmedia":[{"embeddable":true,"href":"https:\/\/chantico-terrassenofen.de\/en\/wp-json\/wp\/v2\/media\/486"}],"wp:attachment":[{"href":"https:\/\/chantico-terrassenofen.de\/en\/wp-json\/wp\/v2\/media?parent=530"}],"wp:term":[{"taxonomy":"product_brand","embeddable":true,"href":"https:\/\/chantico-terrassenofen.de\/en\/wp-json\/wp\/v2\/product_brand?post=530"},{"taxonomy":"product_cat","embeddable":true,"href":"https:\/\/chantico-terrassenofen.de\/en\/wp-json\/wp\/v2\/product_cat?post=530"},{"taxonomy":"product_tag","embeddable":true,"href":"https:\/\/chantico-terrassenofen.de\/en\/wp-json\/wp\/v2\/product_tag?post=530"}],"curies":[{"name":"wp","href":"https:\/\/api.w.org\/{rel}","templated":true}]}}