{"id":534,"date":"2021-07-04T09:21:28","date_gmt":"2021-07-04T07:21:28","guid":{"rendered":"https:\/\/chantico-terrassenofen.de\/?post_type=product&#038;p=534"},"modified":"2021-08-05T15:35:39","modified_gmt":"2021-08-05T13:35:39","slug":"caroline-pfuetzner-natuerlich-gaertnern-mit-terra-preta-praxiswissen-fuer-garten-hochbeet-und-balkon","status":"publish","type":"product","link":"https:\/\/chantico-terrassenofen.de\/en\/shop\/caroline-pfuetzner-natuerlich-gaertnern-mit-terra-preta-praxiswissen-fuer-garten-hochbeet-und-balkon\/","title":{"rendered":"Caroline Pf\u00fctzner: Nat\u00fcrlich g\u00e4rtnern mit Terra Preta. Praxiswissen f\u00fcr Garten, Hochbeet und Balkon"},"content":{"rendered":"<p class=\"bodytext\">Terra Preta gilt als die fruchtbarste Erde der Welt und begeistert Landwirte und Hobbyg\u00e4rtner gleicherma\u00dfen. Mit dem ersten Praxisbuch zur \u00bbWundererde\u00ab, deren Rezeptur urspr\u00fcnglich von den Indigenen S\u00fcdamerikas entwickelt wurde, gelingen Herstellung und Anwendung selbst ohne Erfahrung ganz leicht.<\/p>\n<p class=\"bodytext\">Terra Preta aktiviert und regeneriert das Bodenleben und baut eine stabile Humusschicht auf. Es ist kein D\u00fcnger mehr erforderlich, der Boden l\u00e4sst sich leichter bearbeiten und braucht weniger Wasser.<\/p>\n<p>Das Ergebnis? Gesundes Wachstum mit \u00fcppiger Bl\u00fcte, reiche Ernteertr\u00e4ge und verringerte Anf\u00e4lligkeit f\u00fcr Sch\u00e4dlinge und Krankheiten. Mit Terra Preta betreibt man zudem aktiven Klimaschutz, da sie dauerhaft CO2 im Boden speichert.<\/p>\n<p class=\"bodytext\">Caroline Pf\u00fctzner zeigt in ihrem Buch anhand zahlreicher Anleitungen, Fotos und mit vielen Beispielen aus der Praxis, wie man die Schwarzerde \u00bbTerra Preta\u00ab selbst herstellen und im Garten oder auf dem Balkon einsetzen kann.<\/p>\n<p>176 Seiten, oekom verlag M\u00fcnchen, 2018<br \/>\nISBN-13: 978-3-96238-015-1<br \/>\nErscheinungstermin: 26.02.2018<\/p>","protected":false},"excerpt":{"rendered":"<p>Terra Preta gilt als die fruchtbarste Erde der Welt und begeistert Landwirte und Hobbyg\u00e4rtner gleicherma\u00dfen. Mit dem ersten Praxisbuch zur \u00bbWundererde\u00ab, deren Rezeptur urspr\u00fcnglich von den Indigenen S\u00fcdamerikas entwickelt wurde, gelingen Herstellung und Anwendung selbst ohne Erfahrung ganz leicht. Terra Preta aktiviert und regeneriert das&hellip; <a class=\"read-more\" href=\"https:\/\/chantico-terrassenofen.de\/en\/shop\/caroline-pfuetzner-natuerlich-gaertnern-mit-terra-preta-praxiswissen-fuer-garten-hochbeet-und-balkon\/\">Read more<\/a><\/p>","protected":false},"featured_media":485,"template":"","meta":[],"product_brand":[],"product_cat":[39,40],"product_tag":[],"class_list":{"0":"post-534","1":"product","2":"type-product","3":"status-publish","4":"has-post-thumbnail","6":"product_cat-literatur","7":"product_cat-sachbuch","8":"product_shipping_class-buechersendung","10":"first","11":"instock","12":"purchasable","13":"product-type-simple"},"yoast_head":"<!-- This site is optimized with the Yoast SEO plugin v27.4 - https:\/\/yoast.com\/product\/yoast-seo-wordpress\/ -->\n<title>Caroline Pfuetzner: Nat\u00fcrlich g\u00e4rtnern mit Terra Preta.<\/title>\n<meta name=\"robots\" content=\"index, follow, max-snippet:-1, max-image-preview:large, max-video-preview:-1\" \/>\n<link rel=\"canonical\" href=\"https:\/\/chantico-terrassenofen.de\/en\/shop\/caroline-pfuetzner-natuerlich-gaertnern-mit-terra-preta-praxiswissen-fuer-garten-hochbeet-und-balkon\/\" \/>\n<meta property=\"og:locale\" content=\"en_GB\" \/>\n<meta property=\"og:type\" content=\"article\" \/>\n<meta property=\"og:title\" content=\"Caroline Pfuetzner: Nat\u00fcrlich g\u00e4rtnern mit Terra Preta.\" \/>\n<meta property=\"og:description\" content=\"Terra Preta gilt als die fruchtbarste Erde der Welt und begeistert Landwirte und Hobbyg\u00e4rtner gleicherma\u00dfen. Mit dem ersten Praxisbuch zur \u00bbWundererde\u00ab, deren Rezeptur urspr\u00fcnglich von den Indigenen S\u00fcdamerikas entwickelt wurde, gelingen Herstellung und Anwendung selbst ohne Erfahrung ganz leicht. Terra Preta aktiviert und regeneriert das&hellip; Read more\" \/>\n<meta property=\"og:url\" content=\"https:\/\/chantico-terrassenofen.de\/en\/shop\/caroline-pfuetzner-natuerlich-gaertnern-mit-terra-preta-praxiswissen-fuer-garten-hochbeet-und-balkon\/\" \/>\n<meta property=\"og:site_name\" content=\"Chantico\" \/>\n<meta property=\"article:modified_time\" content=\"2021-08-05T13:35:39+00:00\" \/>\n<meta property=\"og:image\" content=\"https:\/\/chantico-terrassenofen.de\/wp-content\/uploads\/2021\/05\/natuerlich-gaertnern-mit-terra-preta-buch.jpg\" \/>\n\t<meta property=\"og:image:width\" content=\"939\" \/>\n\t<meta property=\"og:image:height\" content=\"1280\" \/>\n\t<meta property=\"og:image:type\" content=\"image\/jpeg\" \/>\n<meta name=\"twitter:card\" content=\"summary_large_image\" \/>\n<meta name=\"twitter:label1\" content=\"Estimated reading time\" \/>\n\t<meta name=\"twitter:data1\" content=\"1 minute\" \/>\n<script type=\"application\/ld+json\" class=\"yoast-schema-graph\">{\"@context\":\"https:\\\/\\\/schema.org\",\"@graph\":[{\"@type\":\"WebPage\",\"@id\":\"https:\\\/\\\/chantico-terrassenofen.de\\\/en\\\/shop\\\/caroline-pfuetzner-natuerlich-gaertnern-mit-terra-preta-praxiswissen-fuer-garten-hochbeet-und-balkon\\\/\",\"url\":\"https:\\\/\\\/chantico-terrassenofen.de\\\/en\\\/shop\\\/caroline-pfuetzner-natuerlich-gaertnern-mit-terra-preta-praxiswissen-fuer-garten-hochbeet-und-balkon\\\/\",\"name\":\"Caroline Pfuetzner: Nat\u00fcrlich g\u00e4rtnern mit Terra Preta.\",\"isPartOf\":{\"@id\":\"https:\\\/\\\/chantico-terrassenofen.de\\\/#website\"},\"primaryImageOfPage\":{\"@id\":\"https:\\\/\\\/chantico-terrassenofen.de\\\/en\\\/shop\\\/caroline-pfuetzner-natuerlich-gaertnern-mit-terra-preta-praxiswissen-fuer-garten-hochbeet-und-balkon\\\/#primaryimage\"},\"image\":{\"@id\":\"https:\\\/\\\/chantico-terrassenofen.de\\\/en\\\/shop\\\/caroline-pfuetzner-natuerlich-gaertnern-mit-terra-preta-praxiswissen-fuer-garten-hochbeet-und-balkon\\\/#primaryimage\"},\"thumbnailUrl\":\"https:\\\/\\\/chantico-terrassenofen.de\\\/wp-content\\\/uploads\\\/2021\\\/05\\\/natuerlich-gaertnern-mit-terra-preta-buch.jpg\",\"datePublished\":\"2021-07-04T07:21:28+00:00\",\"dateModified\":\"2021-08-05T13:35:39+00:00\",\"breadcrumb\":{\"@id\":\"https:\\\/\\\/chantico-terrassenofen.de\\\/en\\\/shop\\\/caroline-pfuetzner-natuerlich-gaertnern-mit-terra-preta-praxiswissen-fuer-garten-hochbeet-und-balkon\\\/#breadcrumb\"},\"inLanguage\":\"en-GB\",\"potentialAction\":[{\"@type\":\"ReadAction\",\"target\":[\"https:\\\/\\\/chantico-terrassenofen.de\\\/en\\\/shop\\\/caroline-pfuetzner-natuerlich-gaertnern-mit-terra-preta-praxiswissen-fuer-garten-hochbeet-und-balkon\\\/\"]}]},{\"@type\":\"ImageObject\",\"inLanguage\":\"en-GB\",\"@id\":\"https:\\\/\\\/chantico-terrassenofen.de\\\/en\\\/shop\\\/caroline-pfuetzner-natuerlich-gaertnern-mit-terra-preta-praxiswissen-fuer-garten-hochbeet-und-balkon\\\/#primaryimage\",\"url\":\"https:\\\/\\\/chantico-terrassenofen.de\\\/wp-content\\\/uploads\\\/2021\\\/05\\\/natuerlich-gaertnern-mit-terra-preta-buch.jpg\",\"contentUrl\":\"https:\\\/\\\/chantico-terrassenofen.de\\\/wp-content\\\/uploads\\\/2021\\\/05\\\/natuerlich-gaertnern-mit-terra-preta-buch.jpg\",\"width\":939,\"height\":1280,\"caption\":\"Nat\u00fcrlich G\u00e4rtnern mit Terra Preta\"},{\"@type\":\"BreadcrumbList\",\"@id\":\"https:\\\/\\\/chantico-terrassenofen.de\\\/en\\\/shop\\\/caroline-pfuetzner-natuerlich-gaertnern-mit-terra-preta-praxiswissen-fuer-garten-hochbeet-und-balkon\\\/#breadcrumb\",\"itemListElement\":[{\"@type\":\"ListItem\",\"position\":1,\"name\":\"Startseite\",\"item\":\"https:\\\/\\\/chantico-terrassenofen.de\\\/\"},{\"@type\":\"ListItem\",\"position\":2,\"name\":\"Caroline Pf\u00fctzner: Nat\u00fcrlich g\u00e4rtnern mit Terra Preta. Praxiswissen f\u00fcr Garten, Hochbeet und Balkon\"}]},{\"@type\":\"WebSite\",\"@id\":\"https:\\\/\\\/chantico-terrassenofen.de\\\/#website\",\"url\":\"https:\\\/\\\/chantico-terrassenofen.de\\\/\",\"name\":\"Chantico\",\"description\":\"Der Pyrolysekocher\",\"publisher\":{\"@id\":\"https:\\\/\\\/chantico-terrassenofen.de\\\/#organization\"},\"potentialAction\":[{\"@type\":\"SearchAction\",\"target\":{\"@type\":\"EntryPoint\",\"urlTemplate\":\"https:\\\/\\\/chantico-terrassenofen.de\\\/?s={search_term_string}\"},\"query-input\":{\"@type\":\"PropertyValueSpecification\",\"valueRequired\":true,\"valueName\":\"search_term_string\"}}],\"inLanguage\":\"en-GB\"},{\"@type\":\"Organization\",\"@id\":\"https:\\\/\\\/chantico-terrassenofen.de\\\/#organization\",\"name\":\"Chantico\",\"url\":\"https:\\\/\\\/chantico-terrassenofen.de\\\/\",\"logo\":{\"@type\":\"ImageObject\",\"inLanguage\":\"en-GB\",\"@id\":\"https:\\\/\\\/chantico-terrassenofen.de\\\/#\\\/schema\\\/logo\\\/image\\\/\",\"url\":\"https:\\\/\\\/chantico-terrassenofen.de\\\/wp-content\\\/uploads\\\/2021\\\/03\\\/chantico-logo-1.png\",\"contentUrl\":\"https:\\\/\\\/chantico-terrassenofen.de\\\/wp-content\\\/uploads\\\/2021\\\/03\\\/chantico-logo-1.png\",\"width\":200,\"height\":200,\"caption\":\"Chantico\"},\"image\":{\"@id\":\"https:\\\/\\\/chantico-terrassenofen.de\\\/#\\\/schema\\\/logo\\\/image\\\/\"}}]}<\/script>\n<!-- \/ Yoast SEO plugin. -->","yoast_head_json":{"title":"Caroline Pfuetzner: Nat\u00fcrlich g\u00e4rtnern mit Terra Preta.","robots":{"index":"index","follow":"follow","max-snippet":"max-snippet:-1","max-image-preview":"max-image-preview:large","max-video-preview":"max-video-preview:-1"},"canonical":"https:\/\/chantico-terrassenofen.de\/en\/shop\/caroline-pfuetzner-natuerlich-gaertnern-mit-terra-preta-praxiswissen-fuer-garten-hochbeet-und-balkon\/","og_locale":"en_GB","og_type":"article","og_title":"Caroline Pfuetzner: Nat\u00fcrlich g\u00e4rtnern mit Terra Preta.","og_description":"Terra Preta gilt als die fruchtbarste Erde der Welt und begeistert Landwirte und Hobbyg\u00e4rtner gleicherma\u00dfen. Mit dem ersten Praxisbuch zur \u00bbWundererde\u00ab, deren Rezeptur urspr\u00fcnglich von den Indigenen S\u00fcdamerikas entwickelt wurde, gelingen Herstellung und Anwendung selbst ohne Erfahrung ganz leicht. Terra Preta aktiviert und regeneriert das&hellip; Read more","og_url":"https:\/\/chantico-terrassenofen.de\/en\/shop\/caroline-pfuetzner-natuerlich-gaertnern-mit-terra-preta-praxiswissen-fuer-garten-hochbeet-und-balkon\/","og_site_name":"Chantico","article_modified_time":"2021-08-05T13:35:39+00:00","og_image":[{"width":939,"height":1280,"url":"https:\/\/chantico-terrassenofen.de\/wp-content\/uploads\/2021\/05\/natuerlich-gaertnern-mit-terra-preta-buch.jpg","type":"image\/jpeg"}],"twitter_card":"summary_large_image","twitter_misc":{"Estimated reading time":"1 minute"},"schema":{"@context":"https:\/\/schema.org","@graph":[{"@type":"WebPage","@id":"https:\/\/chantico-terrassenofen.de\/en\/shop\/caroline-pfuetzner-natuerlich-gaertnern-mit-terra-preta-praxiswissen-fuer-garten-hochbeet-und-balkon\/","url":"https:\/\/chantico-terrassenofen.de\/en\/shop\/caroline-pfuetzner-natuerlich-gaertnern-mit-terra-preta-praxiswissen-fuer-garten-hochbeet-und-balkon\/","name":"Caroline Pfuetzner: Nat\u00fcrlich g\u00e4rtnern mit Terra Preta.","isPartOf":{"@id":"https:\/\/chantico-terrassenofen.de\/#website"},"primaryImageOfPage":{"@id":"https:\/\/chantico-terrassenofen.de\/en\/shop\/caroline-pfuetzner-natuerlich-gaertnern-mit-terra-preta-praxiswissen-fuer-garten-hochbeet-und-balkon\/#primaryimage"},"image":{"@id":"https:\/\/chantico-terrassenofen.de\/en\/shop\/caroline-pfuetzner-natuerlich-gaertnern-mit-terra-preta-praxiswissen-fuer-garten-hochbeet-und-balkon\/#primaryimage"},"thumbnailUrl":"https:\/\/chantico-terrassenofen.de\/wp-content\/uploads\/2021\/05\/natuerlich-gaertnern-mit-terra-preta-buch.jpg","datePublished":"2021-07-04T07:21:28+00:00","dateModified":"2021-08-05T13:35:39+00:00","breadcrumb":{"@id":"https:\/\/chantico-terrassenofen.de\/en\/shop\/caroline-pfuetzner-natuerlich-gaertnern-mit-terra-preta-praxiswissen-fuer-garten-hochbeet-und-balkon\/#breadcrumb"},"inLanguage":"en-GB","potentialAction":[{"@type":"ReadAction","target":["https:\/\/chantico-terrassenofen.de\/en\/shop\/caroline-pfuetzner-natuerlich-gaertnern-mit-terra-preta-praxiswissen-fuer-garten-hochbeet-und-balkon\/"]}]},{"@type":"ImageObject","inLanguage":"en-GB","@id":"https:\/\/chantico-terrassenofen.de\/en\/shop\/caroline-pfuetzner-natuerlich-gaertnern-mit-terra-preta-praxiswissen-fuer-garten-hochbeet-und-balkon\/#primaryimage","url":"https:\/\/chantico-terrassenofen.de\/wp-content\/uploads\/2021\/05\/natuerlich-gaertnern-mit-terra-preta-buch.jpg","contentUrl":"https:\/\/chantico-terrassenofen.de\/wp-content\/uploads\/2021\/05\/natuerlich-gaertnern-mit-terra-preta-buch.jpg","width":939,"height":1280,"caption":"Nat\u00fcrlich G\u00e4rtnern mit Terra Preta"},{"@type":"BreadcrumbList","@id":"https:\/\/chantico-terrassenofen.de\/en\/shop\/caroline-pfuetzner-natuerlich-gaertnern-mit-terra-preta-praxiswissen-fuer-garten-hochbeet-und-balkon\/#breadcrumb","itemListElement":[{"@type":"ListItem","position":1,"name":"Startseite","item":"https:\/\/chantico-terrassenofen.de\/"},{"@type":"ListItem","position":2,"name":"Caroline Pf\u00fctzner: Nat\u00fcrlich g\u00e4rtnern mit Terra Preta. Praxiswissen f\u00fcr Garten, Hochbeet und Balkon"}]},{"@type":"WebSite","@id":"https:\/\/chantico-terrassenofen.de\/#website","url":"https:\/\/chantico-terrassenofen.de\/","name":"Chantico","description":"Der Pyrolysekocher","publisher":{"@id":"https:\/\/chantico-terrassenofen.de\/#organization"},"potentialAction":[{"@type":"SearchAction","target":{"@type":"EntryPoint","urlTemplate":"https:\/\/chantico-terrassenofen.de\/?s={search_term_string}"},"query-input":{"@type":"PropertyValueSpecification","valueRequired":true,"valueName":"search_term_string"}}],"inLanguage":"en-GB"},{"@type":"Organization","@id":"https:\/\/chantico-terrassenofen.de\/#organization","name":"Chantico","url":"https:\/\/chantico-terrassenofen.de\/","logo":{"@type":"ImageObject","inLanguage":"en-GB","@id":"https:\/\/chantico-terrassenofen.de\/#\/schema\/logo\/image\/","url":"https:\/\/chantico-terrassenofen.de\/wp-content\/uploads\/2021\/03\/chantico-logo-1.png","contentUrl":"https:\/\/chantico-terrassenofen.de\/wp-content\/uploads\/2021\/03\/chantico-logo-1.png","width":200,"height":200,"caption":"Chantico"},"image":{"@id":"https:\/\/chantico-terrassenofen.de\/#\/schema\/logo\/image\/"}}]}},"jetpack_sharing_enabled":true,"_links":{"self":[{"href":"https:\/\/chantico-terrassenofen.de\/en\/wp-json\/wp\/v2\/product\/534","targetHints":{"allow":["GET"]}}],"collection":[{"href":"https:\/\/chantico-terrassenofen.de\/en\/wp-json\/wp\/v2\/product"}],"about":[{"href":"https:\/\/chantico-terrassenofen.de\/en\/wp-json\/wp\/v2\/types\/product"}],"version-history":[{"count":2,"href":"https:\/\/chantico-terrassenofen.de\/en\/wp-json\/wp\/v2\/product\/534\/revisions"}],"predecessor-version":[{"id":536,"href":"https:\/\/chantico-terrassenofen.de\/en\/wp-json\/wp\/v2\/product\/534\/revisions\/536"}],"wp:featuredmedia":[{"embeddable":true,"href":"https:\/\/chantico-terrassenofen.de\/en\/wp-json\/wp\/v2\/media\/485"}],"wp:attachment":[{"href":"https:\/\/chantico-terrassenofen.de\/en\/wp-json\/wp\/v2\/media?parent=534"}],"wp:term":[{"taxonomy":"product_brand","embeddable":true,"href":"https:\/\/chantico-terrassenofen.de\/en\/wp-json\/wp\/v2\/product_brand?post=534"},{"taxonomy":"product_cat","embeddable":true,"href":"https:\/\/chantico-terrassenofen.de\/en\/wp-json\/wp\/v2\/product_cat?post=534"},{"taxonomy":"product_tag","embeddable":true,"href":"https:\/\/chantico-terrassenofen.de\/en\/wp-json\/wp\/v2\/product_tag?post=534"}],"curies":[{"name":"wp","href":"https:\/\/api.w.org\/{rel}","templated":true}]}}